{"id":13314,"date":"2019-10-22T06:47:01","date_gmt":"2019-10-22T06:47:01","guid":{"rendered":"https:\/\/vanterm.com\/iletisim\/"},"modified":"2021-04-14T17:21:32","modified_gmt":"2021-04-14T17:21:32","slug":"iletisim","status":"publish","type":"page","link":"https:\/\/vanterm.com\/tr\/iletisim\/","title":{"rendered":"\u0130leti\u015fim"},"content":{"rendered":"<section class=\"wpb-content-wrapper\"><p>[vc_row cspt-bg-color=&#8221;white&#8221; cspt-zindex=&#8221;2&#8243; full_width=&#8221;stretch_row&#8221; el_class=&#8221;cspt-overflow-visible&#8221; css=&#8221;.vc_custom_1570099274227{margin-bottom: 0px !important;padding-top: 40px !important;padding-bottom: 0px !important;}&#8221;][vc_column][vc_column_text css=&#8221;.vc_custom_1571237204172{margin-top: -20px !important;}&#8221;]End\u00fcstriyel filtrasyon sistemleri ve \u00e7\u00f6z\u00fcmleri hakk\u0131nda daha fazla bilgi almak isterseniz, l\u00fctfen bize ula\u015f\u0131n![\/vc_column_text][\/vc_column][\/vc_row][vc_row cspt-bg-color=&#8221;white&#8221; cspt-zindex=&#8221;2&#8243; full_width=&#8221;stretch_row&#8221; el_class=&#8221;cspt-overflow-visible&#8221; css=&#8221;.vc_custom_1570099409174{margin-top: 0px !important;margin-bottom: 0px !important;padding-top: 40px !important;padding-bottom: 20px !important;}&#8221;][vc_column width=&#8221;1\/3&#8243;][\/vc_column][vc_column cspt-zindex=&#8221;2&#8243; width=&#8221;2\/3&#8243;][vc_gmaps link=&#8221;#E-8_JTNDaWZyYW1lJTIwc3JjJTNEJTIyaHR0cHMlM0ElMkYlMkZ3d3cuZ29vZ2xlLmNvbSUyRm1hcHMlMkZlbWJlZCUzRnBiJTNEJTIxMW0xOCUyMTFtMTIlMjExbTMlMjExZDE5MjgzMS42ODcxNDEyMjI2JTIxMmQyOS4wNTYyNDM1NDg0MzYzMSUyMTNkNDAuOTU5Njg1OTI4Nzg2MDUlMjEybTMlMjExZjAlMjEyZjAlMjEzZjAlMjEzbTIlMjExaTEwMjQlMjEyaTc2OCUyMTRmMTMuMSUyMTNtMyUyMTFtMiUyMTFzMHgxNGNiMjc2MzhlYjU2ODAzJTI1M0EweDkwNWU5ODRjZWQ3MGNiNmUlMjEyc1ZhbnRlcm0lMkJJcyUyNUM0JTI1QjElMkJ2ZSUyQk1ha2luYSUyQkEuJTI1QzUlMjU5RS4lMjE1ZTAlMjEzbTIlMjExc3RyJTIxMnN0ciUyMTR2MTU2MzI3Mzk0Njk1MSUyMTVtMiUyMTFzdHIlMjEyc3RyJTIyJTIwd2lkdGglM0QlMjIxMDAlMjUlMjIlMjBoZWlnaHQlM0QlMjI0NTAlMjIlMjBmcmFtZWJvcmRlciUzRCUyMjAlMjIlMjBzdHlsZSUzRCUyMmJvcmRlciUzQTAlMjIlMjBhbGxvd2Z1bGxzY3JlZW4lM0UlM0MlMkZpZnJhbWUlM0U=&#8221;][\/vc_column][\/vc_row][vc_row cspt-bg-color=&#8221;light&#8221; full_width=&#8221;stretch_row&#8221; css=&#8221;.vc_custom_1571243142678{margin-top: 0px !important;margin-bottom: 0px !important;padding-top: 30px !important;padding-bottom: 10px !important;}&#8221;][vc_column][\/vc_column][\/vc_row][vc_row cspt-bg-color=&#8221;light&#8221; cspt-zindex=&#8221;2&#8243; full_width=&#8221;stretch_row&#8221; el_class=&#8221;cspt-overflow-visible&#8221; css=&#8221;.vc_custom_1571242786565{padding-top: 30px !important;padding-bottom: 30px !important;}&#8221;][vc_column width=&#8221;1\/2&#8243;][vc_column_text css=&#8221;.vc_custom_1572508079851{margin-top: -20px !important;}&#8221;]<\/p>\n<div class=\"col-xs-12\">\n<p><strong>Bayi ve global sat\u0131\u015f a\u011f\u0131m\u0131za kat\u0131l\u0131n!!!<\/strong><\/p>\n<p>VANTERM olarak bayilerimiz ve distrib\u00fct\u00f6rlerimizle birlikte kazan-kazan ortakl\u0131\u011f\u0131 yaparak sinerji olu\u015fturuyoruz. Sat\u0131\u015f a\u011f\u0131m\u0131za kat\u0131lan i\u015f ortaklar\u0131m\u0131za, a\u015fa\u011f\u0131daki avantajlar sunulmaktad\u0131r;<\/p><\/div>\n<p>[\/vc_column_text][vc_column_text css=&#8221;.vc_custom_1572508187481{margin-top: -20px !important;}&#8221;]<\/p>\n<div class=\"col-xs-12\">\n<ul>\n<li>\u0130htiyac\u0131n\u0131z oldu\u011funda tecr\u00fcbeli VANTERM ekibimizin g\u00fc\u00e7l\u00fc teknik ve m\u00fchendislik deste\u011fi.<\/li>\n<li>Toz toplama projeleriniz; uygulamalar\u0131n\u0131z i\u00e7in \u00f6zel ve proses odakl\u0131 filtrasyon \u00e7\u00f6z\u00fcmlerimize direkt ula\u015f\u0131m.<\/li>\n<li>G\u00fcn\u00fcm\u00fcz\u00fcn rekabet \u015fartlar\u0131nda, s\u00fcrekli bir ad\u0131m \u00f6nde olman\u0131z\u0131 desteklemek ve do\u011fru planlama yapman\u0131z\u0131 kolayla\u015ft\u0131rmak i\u00e7in sipari\u015fleriniz her zaman \u00f6ncelikli ve termin tarihinde daima sevk i\u00e7in haz\u0131r olur.<\/li>\n<li>Sat\u0131\u015f hacminizi art\u0131rmak ve m\u00fc\u015fteri portf\u00f6y\u00fcn\u00fcz\u00fc geli\u015ftirmek i\u00e7in end\u00fcstriyel fuar, konferans veya sergilerde VANTERM ile birlikte ortak pazarlama faaliyetlerine kat\u0131l\u0131m.<\/li>\n<\/ul>\n<p>Bayi ve sat\u0131\u015f a\u011f\u0131m\u0131za kat\u0131l\u0131m\u0131n\u0131z ile ilgili daha fazla bilgi i\u00e7in, l\u00fctfen bize ula\u015f\u0131n.<\/p><\/div>\n<p>[\/vc_column_text][vc_row_inner][vc_column_inner width=&#8221;1\/2&#8243;][vc_single_image image=&#8221;13332&#8243; img_size=&#8221;887&#215;1115&#8243; onclick=&#8221;link_image&#8221;][\/vc_column_inner][vc_column_inner width=&#8221;1\/2&#8243;][vc_single_image image=&#8221;13331&#8243; img_size=&#8221;887&#215;1115&#8243; onclick=&#8221;link_image&#8221;][\/vc_column_inner][\/vc_row_inner][\/vc_column][vc_column cspt-zindex=&#8221;2&#8243; width=&#8221;1\/2&#8243; css=&#8221;.vc_custom_1571242802336{padding-top: 30px !important;}&#8221;][vc_column_text]<div class=\"wpforms-container wpforms-container-full\" id=\"wpforms-14366\"><form id=\"wpforms-form-14366\" class=\"wpforms-validate wpforms-form\" data-formid=\"14366\" method=\"post\" enctype=\"multipart\/form-data\" action=\"\/tr\/wp-json\/wp\/v2\/pages\/13314\" data-token=\"dc6cb33b4f61cefd944ed1bd145abd48\" data-token-time=\"1777630166\"><noscript class=\"wpforms-error-noscript\">Bu formu bitirebilmek i\u00e7in taray\u0131c\u0131n\u0131zda JavaScript&#039;i etkinle\u015ftirin.<\/noscript><div class=\"wpforms-field-container\"><div id=\"wpforms-14366-field_1-container\" class=\"wpforms-field wpforms-field-name wpforms-one-half wpforms-first\" data-field-id=\"1\"><label class=\"wpforms-field-label\" for=\"wpforms-14366-field_1\">Ad Soyad <span class=\"wpforms-required-label\">*<\/span><\/label><input type=\"text\" id=\"wpforms-14366-field_1\" class=\"wpforms-field-large wpforms-field-required\" name=\"wpforms[fields][1]\" required><\/div><div id=\"wpforms-14366-field_3-container\" class=\"wpforms-field wpforms-field-number wpforms-one-half\" data-field-id=\"3\"><label class=\"wpforms-field-label\" for=\"wpforms-14366-field_3\">Telefon <span class=\"wpforms-required-label\">*<\/span><\/label><input type=\"number\" id=\"wpforms-14366-field_3\" class=\"wpforms-field-large wpforms-field-required\" name=\"wpforms[fields][3]\" step=\"any\" required><\/div><div id=\"wpforms-14366-field_2-container\" class=\"wpforms-field wpforms-field-email wpforms-one-half wpforms-first\" data-field-id=\"2\"><label class=\"wpforms-field-label\" for=\"wpforms-14366-field_2\">E-posta <span class=\"wpforms-required-label\">*<\/span><\/label><input type=\"email\" id=\"wpforms-14366-field_2\" class=\"wpforms-field-large wpforms-field-required\" name=\"wpforms[fields][2]\" spellcheck=\"false\" required><\/div><div id=\"wpforms-14366-field_5-container\" class=\"wpforms-field wpforms-field-text wpforms-one-half\" data-field-id=\"5\"><label class=\"wpforms-field-label\" for=\"wpforms-14366-field_5\">Firma Ad\u0131 <span class=\"wpforms-required-label\">*<\/span><\/label><input type=\"text\" id=\"wpforms-14366-field_5\" class=\"wpforms-field-large wpforms-field-required\" name=\"wpforms[fields][5]\" required><\/div><div id=\"wpforms-14366-field_6-container\" class=\"wpforms-field wpforms-field-text wpforms-one-half wpforms-first\" data-field-id=\"6\"><label class=\"wpforms-field-label\" for=\"wpforms-14366-field_6\">\u015eehir <span class=\"wpforms-required-label\">*<\/span><\/label><input type=\"text\" id=\"wpforms-14366-field_6\" class=\"wpforms-field-large wpforms-field-required\" name=\"wpforms[fields][6]\" required><\/div><div id=\"wpforms-14366-field_7-container\" class=\"wpforms-field wpforms-field-text wpforms-one-half\" data-field-id=\"7\"><label class=\"wpforms-field-label\" for=\"wpforms-14366-field_7\">\u00dclke <span class=\"wpforms-required-label\">*<\/span><\/label><input type=\"text\" id=\"wpforms-14366-field_7\" class=\"wpforms-field-large wpforms-field-required\" name=\"wpforms[fields][7]\" required><\/div><div id=\"wpforms-14366-field_8-container\" class=\"wpforms-field wpforms-field-text\" data-field-id=\"8\"><label class=\"wpforms-field-label\" for=\"wpforms-14366-field_8\">Uygulama Alan\u0131 (CNC, Plazma, Lazer, OXY Kesme ...) <span class=\"wpforms-required-label\">*<\/span><\/label><input type=\"text\" id=\"wpforms-14366-field_8\" class=\"wpforms-field-large wpforms-field-required\" name=\"wpforms[fields][8]\" required><\/div><div id=\"wpforms-14366-field_10-container\" class=\"wpforms-field wpforms-field-textarea\" data-field-id=\"10\"><label class=\"wpforms-field-label\" for=\"wpforms-14366-field_10\">Mesaj\u0131n\u0131z <span class=\"wpforms-required-label\">*<\/span><\/label><textarea id=\"wpforms-14366-field_10\" class=\"wpforms-field-large wpforms-field-required\" name=\"wpforms[fields][10]\" required><\/textarea><\/div><div id=\"wpforms-14366-field_9-container\" class=\"wpforms-field wpforms-field-checkbox\" data-field-id=\"9\"><ul id=\"wpforms-14366-field_9\" class=\"wpforms-field-required\"><li class=\"choice-1 depth-1\"><input type=\"checkbox\" id=\"wpforms-14366-field_9_1\" name=\"wpforms[fields][9][]\" value=\"Vanterm &lt;strong&gt;&lt;a href=&quot;\/tr\/gizlilik-bildirimi\/&quot; target=&quot;_blank&quot;&gt;Gizlilik \u015eartlar\u0131n\u0131&lt;\/a&gt;&lt;\/strong&gt; ve &lt;strong&gt;&lt;a href=&quot;\/tr\/gizlilik-bildirimi-2\/&quot; target=&quot;_blank&quot;&gt;Gizlilik Bildirimi&lt;\/a&gt;&lt;\/strong&gt;&#039;ni okudum. Bilgilerimin ve detaylar\u0131n elektronik ortamda saklanmas\u0131n\u0131 kabul ediyorum. \" required ><label class=\"wpforms-field-label-inline\" for=\"wpforms-14366-field_9_1\">Vanterm <strong><a href=\"\/tr\/gizlilik-bildirimi\/\" target=\"_blank\">Gizlilik \u015eartlar\u0131n\u0131<\/a><\/strong> ve <strong><a href=\"\/tr\/gizlilik-bildirimi-2\/\" target=\"_blank\">Gizlilik Bildirimi<\/a><\/strong>'ni okudum. Bilgilerimin ve detaylar\u0131n elektronik ortamda saklanmas\u0131n\u0131 kabul ediyorum.<\/label><\/li><\/ul><\/div><\/div><!-- .wpforms-field-container --><div class=\"wpforms-field wpforms-field-hp\"><label for=\"wpforms-14366-field-hp\" class=\"wpforms-field-label\">Name<\/label><input type=\"text\" name=\"wpforms[hp]\" id=\"wpforms-14366-field-hp\" class=\"wpforms-field-medium\"><\/div><div class=\"wpforms-submit-container\" ><input type=\"hidden\" name=\"wpforms[id]\" value=\"14366\"><input type=\"hidden\" name=\"page_title\" value=\"\"><input type=\"hidden\" name=\"page_url\" value=\"https:\/\/vanterm.com\/tr\/wp-json\/wp\/v2\/pages\/13314\"><input type=\"hidden\" name=\"url_referer\" value=\"\"><button type=\"submit\" name=\"wpforms[submit]\" id=\"wpforms-submit-14366\" class=\"wpforms-submit\" data-alt-text=\"G\u00f6nderiliyor...\" data-submit-text=\"G\u00f6nder\" aria-live=\"assertive\" value=\"wpforms-submit\">G\u00f6nder<\/button><\/div><\/form><\/div>  <!-- .wpforms-container -->[\/vc_column_text][\/vc_column][\/vc_row]<\/p>\n<\/section>","protected":false},"excerpt":{"rendered":"<p>[vc_row cspt-bg-color=&#8221;white&#8221; cspt-zindex=&#8221;2&#8243; full_width=&#8221;stretch_row&#8221; el_class=&#8221;cspt-overflow-visible&#8221; css=&#8221;.vc_custom_1570099274227{margin-bottom: 0px !important;padding-top: 40px !important;padding-bottom: 0px !important;}&#8221;][vc_column][vc_column_text css=&#8221;.vc_custom_1571237204172{margin-top: -20px !important;}&#8221;]End\u00fcstriyel filtrasyon sistemleri ve \u00e7\u00f6z\u00fcmleri hakk\u0131nda daha fazla bilgi almak isterseniz, l\u00fctfen bize ula\u015f\u0131n![\/vc_column_text][\/vc_column][\/vc_row][vc_row cspt-bg-color=&#8221;white&#8221; cspt-zindex=&#8221;2&#8243; full_width=&#8221;stretch_row&#8221; el_class=&#8221;cspt-overflow-visible&#8221; css=&#8221;.vc_custom_1570099409174{margin-top: 0px !important;margin-bottom: 0px !important;padding-top: 40px !important;padding-bottom: 20px !important;}&#8221;][vc_column width=&#8221;1\/3&#8243;][\/vc_column][vc_column cspt-zindex=&#8221;2&#8243; width=&#8221;2\/3&#8243;][vc_gmaps link=&#8221;#E-8_JTNDaWZyYW1lJTIwc3JjJTNEJTIyaHR0cHMlM0ElMkYlMkZ3d3cuZ29vZ2xlLmNvbSUyRm1hcHMlMkZlbWJlZCUzRnBiJTNEJTIxMW0xOCUyMTFtMTIlMjExbTMlMjExZDE5MjgzMS42ODcxNDEyMjI2JTIxMmQyOS4wNTYyNDM1NDg0MzYzMSUyMTNkNDAuOTU5Njg1OTI4Nzg2MDUlMjEybTMlMjExZjAlMjEyZjAlMjEzZjAlMjEzbTIlMjExaTEwMjQlMjEyaTc2OCUyMTRmMTMuMSUyMTNtMyUyMTFtMiUyMTFzMHgxNGNiMjc2MzhlYjU2ODAzJTI1M0EweDkwNWU5ODRjZWQ3MGNiNmUlMjEyc1ZhbnRlcm0lMkJJcyUyNUM0JTI1QjElMkJ2ZSUyQk1ha2luYSUyQkEuJTI1QzUlMjU5RS4lMjE1ZTAlMjEzbTIlMjExc3RyJTIxMnN0ciUyMTR2MTU2MzI3Mzk0Njk1MSUyMTVtMiUyMTFzdHIlMjEyc3RyJTIyJTIwd2lkdGglM0QlMjIxMDAlMjUlMjIlMjBoZWlnaHQlM0QlMjI0NTAlMjIlMjBmcmFtZWJvcmRlciUzRCUyMjAlMjIlMjBzdHlsZSUzRCUyMmJvcmRlciUzQTAlMjIlMjBhbGxvd2Z1bGxzY3JlZW4lM0UlM0MlMkZpZnJhbWUlM0U=&#8221;][\/vc_column][\/vc_row][vc_row cspt-bg-color=&#8221;light&#8221; full_width=&#8221;stretch_row&#8221; css=&#8221;.vc_custom_1571243142678{margin-top: 0px !important;margin-bottom: 0px !important;padding-top: 30px !important;padding-bottom: 10px [&hellip;]<\/p>\n","protected":false},"author":1,"featured_media":0,"parent":0,"menu_order":19,"comment_status":"closed","ping_status":"closed","template":"","meta":{"_acf_changed":false,"footnotes":""},"acf":[],"yoast_head":"<!-- This site is optimized with the Yoast SEO plugin v23.1 - https:\/\/yoast.com\/wordpress\/plugins\/seo\/ -->\n<title>Bize soru sormak ister misiniz? \u0130leti\u015fim | Vanterm<\/title>\n<meta name=\"description\" content=\"End\u00fcstriyel filtrasyon sistemleri ve \u00e7\u00f6z\u00fcmleri hakk\u0131nda daha fazla bilgi almak isterseniz, l\u00fctfen bize ula\u015f\u0131n! Temiz Hava i\u00e7in M\u00fckemmel \u00c7\u00f6z\u00fcmler.\" \/>\n<meta name=\"robots\" content=\"index, follow, max-snippet:-1, max-image-preview:large, max-video-preview:-1\" \/>\n<link rel=\"canonical\" href=\"https:\/\/vanterm.com\/tr\/iletisim\/\" \/>\n<meta name=\"twitter:label1\" content=\"Tahmini okuma s\u00fcresi\" \/>\n\t<meta name=\"twitter:data1\" content=\"3 dakika\" \/>\n<script type=\"application\/ld+json\" class=\"yoast-schema-graph\">{\"@context\":\"https:\/\/schema.org\",\"@graph\":[{\"@type\":\"WebPage\",\"@id\":\"https:\/\/vanterm.com\/tr\/iletisim\/\",\"url\":\"https:\/\/vanterm.com\/tr\/iletisim\/\",\"name\":\"Bize soru sormak ister misiniz? \u0130leti\u015fim | Vanterm\",\"isPartOf\":{\"@id\":\"https:\/\/vanterm.com\/tr\/#website\"},\"datePublished\":\"2019-10-22T06:47:01+00:00\",\"dateModified\":\"2021-04-14T17:21:32+00:00\",\"description\":\"End\u00fcstriyel filtrasyon sistemleri ve \u00e7\u00f6z\u00fcmleri hakk\u0131nda daha fazla bilgi almak isterseniz, l\u00fctfen bize ula\u015f\u0131n! Temiz Hava i\u00e7in M\u00fckemmel \u00c7\u00f6z\u00fcmler.\",\"breadcrumb\":{\"@id\":\"https:\/\/vanterm.com\/tr\/iletisim\/#breadcrumb\"},\"inLanguage\":\"tr\",\"potentialAction\":[{\"@type\":\"ReadAction\",\"target\":[\"https:\/\/vanterm.com\/tr\/iletisim\/\"]}]},{\"@type\":\"BreadcrumbList\",\"@id\":\"https:\/\/vanterm.com\/tr\/iletisim\/#breadcrumb\",\"itemListElement\":[{\"@type\":\"ListItem\",\"position\":1,\"name\":\"Home\",\"item\":\"https:\/\/vanterm.com\/tr\/\"},{\"@type\":\"ListItem\",\"position\":2,\"name\":\"\u0130leti\u015fim\"}]},{\"@type\":\"WebSite\",\"@id\":\"https:\/\/vanterm.com\/tr\/#website\",\"url\":\"https:\/\/vanterm.com\/tr\/\",\"name\":\"Vanterm\",\"description\":\"Passion for excellence in clean air solutions\",\"publisher\":{\"@id\":\"https:\/\/vanterm.com\/tr\/#organization\"},\"potentialAction\":[{\"@type\":\"SearchAction\",\"target\":{\"@type\":\"EntryPoint\",\"urlTemplate\":\"https:\/\/vanterm.com\/tr\/?s={search_term_string}\"},\"query-input\":\"required name=search_term_string\"}],\"inLanguage\":\"tr\"},{\"@type\":\"Organization\",\"@id\":\"https:\/\/vanterm.com\/tr\/#organization\",\"name\":\"Vanterm\",\"url\":\"https:\/\/vanterm.com\/tr\/\",\"logo\":{\"@type\":\"ImageObject\",\"inLanguage\":\"tr\",\"@id\":\"https:\/\/vanterm.com\/tr\/#\/schema\/logo\/image\/\",\"url\":\"https:\/\/vanterm.com\/wp-content\/uploads\/2019\/11\/VANTERM_logo.png\",\"contentUrl\":\"https:\/\/vanterm.com\/wp-content\/uploads\/2019\/11\/VANTERM_logo.png\",\"width\":250,\"height\":70,\"caption\":\"Vanterm\"},\"image\":{\"@id\":\"https:\/\/vanterm.com\/tr\/#\/schema\/logo\/image\/\"}}]}<\/script>\n<!-- \/ Yoast SEO plugin. -->","yoast_head_json":{"title":"Bize soru sormak ister misiniz? \u0130leti\u015fim | Vanterm","description":"End\u00fcstriyel filtrasyon sistemleri ve \u00e7\u00f6z\u00fcmleri hakk\u0131nda daha fazla bilgi almak isterseniz, l\u00fctfen bize ula\u015f\u0131n! Temiz Hava i\u00e7in M\u00fckemmel \u00c7\u00f6z\u00fcmler.","robots":{"index":"index","follow":"follow","max-snippet":"max-snippet:-1","max-image-preview":"max-image-preview:large","max-video-preview":"max-video-preview:-1"},"canonical":"https:\/\/vanterm.com\/tr\/iletisim\/","twitter_misc":{"Tahmini okuma s\u00fcresi":"3 dakika"},"schema":{"@context":"https:\/\/schema.org","@graph":[{"@type":"WebPage","@id":"https:\/\/vanterm.com\/tr\/iletisim\/","url":"https:\/\/vanterm.com\/tr\/iletisim\/","name":"Bize soru sormak ister misiniz? \u0130leti\u015fim | Vanterm","isPartOf":{"@id":"https:\/\/vanterm.com\/tr\/#website"},"datePublished":"2019-10-22T06:47:01+00:00","dateModified":"2021-04-14T17:21:32+00:00","description":"End\u00fcstriyel filtrasyon sistemleri ve \u00e7\u00f6z\u00fcmleri hakk\u0131nda daha fazla bilgi almak isterseniz, l\u00fctfen bize ula\u015f\u0131n! Temiz Hava i\u00e7in M\u00fckemmel \u00c7\u00f6z\u00fcmler.","breadcrumb":{"@id":"https:\/\/vanterm.com\/tr\/iletisim\/#breadcrumb"},"inLanguage":"tr","potentialAction":[{"@type":"ReadAction","target":["https:\/\/vanterm.com\/tr\/iletisim\/"]}]},{"@type":"BreadcrumbList","@id":"https:\/\/vanterm.com\/tr\/iletisim\/#breadcrumb","itemListElement":[{"@type":"ListItem","position":1,"name":"Home","item":"https:\/\/vanterm.com\/tr\/"},{"@type":"ListItem","position":2,"name":"\u0130leti\u015fim"}]},{"@type":"WebSite","@id":"https:\/\/vanterm.com\/tr\/#website","url":"https:\/\/vanterm.com\/tr\/","name":"Vanterm","description":"Passion for excellence in clean air solutions","publisher":{"@id":"https:\/\/vanterm.com\/tr\/#organization"},"potentialAction":[{"@type":"SearchAction","target":{"@type":"EntryPoint","urlTemplate":"https:\/\/vanterm.com\/tr\/?s={search_term_string}"},"query-input":"required name=search_term_string"}],"inLanguage":"tr"},{"@type":"Organization","@id":"https:\/\/vanterm.com\/tr\/#organization","name":"Vanterm","url":"https:\/\/vanterm.com\/tr\/","logo":{"@type":"ImageObject","inLanguage":"tr","@id":"https:\/\/vanterm.com\/tr\/#\/schema\/logo\/image\/","url":"https:\/\/vanterm.com\/wp-content\/uploads\/2019\/11\/VANTERM_logo.png","contentUrl":"https:\/\/vanterm.com\/wp-content\/uploads\/2019\/11\/VANTERM_logo.png","width":250,"height":70,"caption":"Vanterm"},"image":{"@id":"https:\/\/vanterm.com\/tr\/#\/schema\/logo\/image\/"}}]}},"_links":{"self":[{"href":"https:\/\/vanterm.com\/tr\/wp-json\/wp\/v2\/pages\/13314"}],"collection":[{"href":"https:\/\/vanterm.com\/tr\/wp-json\/wp\/v2\/pages"}],"about":[{"href":"https:\/\/vanterm.com\/tr\/wp-json\/wp\/v2\/types\/page"}],"author":[{"embeddable":true,"href":"https:\/\/vanterm.com\/tr\/wp-json\/wp\/v2\/users\/1"}],"replies":[{"embeddable":true,"href":"https:\/\/vanterm.com\/tr\/wp-json\/wp\/v2\/comments?post=13314"}],"version-history":[{"count":0,"href":"https:\/\/vanterm.com\/tr\/wp-json\/wp\/v2\/pages\/13314\/revisions"}],"wp:attachment":[{"href":"https:\/\/vanterm.com\/tr\/wp-json\/wp\/v2\/media?parent=13314"}],"curies":[{"name":"wp","href":"https:\/\/api.w.org\/{rel}","templated":true}]}}