{"id":13323,"date":"2019-10-22T07:04:47","date_gmt":"2019-10-22T07:04:47","guid":{"rendered":"https:\/\/vanterm.com\/?page_id=13323"},"modified":"2024-07-25T20:08:55","modified_gmt":"2024-07-25T20:08:55","slug":"hakkimizda","status":"publish","type":"page","link":"https:\/\/vanterm.com\/tr\/hakkimizda\/","title":{"rendered":"Hakk\u0131m\u0131zda"},"content":{"rendered":"<section class=\"wpb-content-wrapper\"><p>[vc_row cspt-bg-color=&#8221;white&#8221; full_width=&#8221;stretch_row&#8221; content_placement=&#8221;top&#8221; css=&#8221;.vc_custom_1570041523272{padding-top: 40px !important;padding-bottom: 0px !important;}&#8221; cspt-responsive-css=&#8221;23213412|colbreak_yes|||||||||colbreak_no|||||||||colbreak_no||||||||||colbreak_no|||||||||&#8221;][vc_column width=&#8221;1\/2&#8243; css=&#8221;.vc_custom_1570649803870{margin-top: 10px !important;}&#8221;]<div  class=\"cspt-single-image-w cspt-single-hover- cspt-video-image-style-5\"><img decoding=\"async\" width=\"565\" height=\"388\" src=\"https:\/\/vanterm.com\/wp-content\/uploads\/2019\/10\/vanterm-history-5.jpg\" class=\"cspt_vc_single_image-img attachment-full\" alt=\"\" title=\"vanterm-history-5\" srcset=\"https:\/\/vanterm.com\/wp-content\/uploads\/2019\/10\/vanterm-history-5.jpg 565w, https:\/\/vanterm.com\/wp-content\/uploads\/2019\/10\/vanterm-history-5-300x206.jpg 300w\" sizes=\"(max-width: 565px) 100vw, 565px\" data-id=\"13329\" \/><div class=\"cspt-overlay\">[vc_icon icon_fontawesome=\"fa fa-play\" icon_cspt_enginir_icon=\"cspt-enginir-icon cspt-enginir-icon-light\" icon_sgicon=\"sgicon sgicon-WorldWide\" icon_linecons=\"vc_li vc_li-heart\" icon_monosocial=\"vc-mono vc-mono-fivehundredpx\" link=\"url:https%3A%2F%2Fwww.youtube.com%2Fwatch%3Fv%3Dakis4ZLHhZ0|||\" el_class=\"cspt-lightbox cspt-lightbox-video\"]<\/div><a href=\"https:\/\/www.youtube.com\/watch?v=akis4ZLHhZ0\" class=\"cspt-lightbox cspt-lightbox-video\"><span class=\"creativesplanet-hide\">Click Here<\/span><\/a><\/div>[\/vc_column][vc_column width=&#8221;1\/2&#8243; cspt-responsive-css=&#8221;71728225|colbreak_no|50||||||||colbreak_no|||||||||colbreak_no||||||||||colbreak_no|||||||||&#8221;][vc_column_text css=&#8221;.vc_custom_1571932381638{margin-bottom: 25px !important;}&#8221;]<strong>1971 y\u0131l\u0131nda<\/strong> \u0130stanbul &#8211; Rami&#8217;de kurulan <strong>VANTERM<\/strong> 45 y\u0131ldan fazla s\u00fcredir, m\u00fc\u015fterilerine farkl\u0131 end\u00fcstriyel uygulamalar i\u00e7in <strong>hava filtrasyon \u00e7\u00f6z\u00fcmleri<\/strong> \u2013 toz toplama sistemleri sunmaktad\u0131r. Neredeyse yar\u0131m asra yakla\u015fan bir deneyime sahip olan VANTERM, m\u00fc\u015fterilerinin <strong>end\u00fcstriyel toz toplama<\/strong> <strong>ve filtrasyon<\/strong> ihtiya\u00e7lar\u0131na y\u00f6nelik <strong>optimum \u00e7\u00f6z\u00fcmler<\/strong> geli\u015ftirmekte ve i\u015fletmelerin temiz hava ihtiya\u00e7lar\u0131 i\u00e7in \u00fcr\u00fcnler sunmaktad\u0131r.<\/p>\n<p><strong>VANTERM<\/strong> Gebze Organize Sanayi B\u00f6lgesinde bulunan \u00fcretim tesislerinde \u00e7a\u011f\u0131m\u0131z\u0131n <strong>modern \u00fcretim teknolojilerini kullanarak<\/strong> cihazlar \u00fcretmekte ve sat\u0131\u015f\u0131n\u0131 yapmaktad\u0131r. 2018 y\u0131l\u0131nda Gebze tesisimize yap\u0131lan yat\u0131r\u0131mlarla VANTERM toplam <strong>\u00fcretim tesisi 18.000 m2<\/strong> b\u00fcy\u00fckl\u00fc\u011fe ula\u015fm\u0131\u015ft\u0131r.<\/p>\n<p><strong>VANTERM<\/strong> sahip oldu\u011fu alan\u0131nda uzman m\u00fchendisleri, tecr\u00fcbeli personeli ve \u00fcretim\/test laboratuvarlar\u0131yla m\u00fc\u015fterilerine <strong>en ideal filtrasyon \u00e7\u00f6z\u00fcmlerini<\/strong> sunmak i\u00e7in s\u00fcrekli \u00e7al\u0131\u015fmaktad\u0131r. Avrupa ve uluslararas\u0131 standartlar\u0131 yak\u0131ndan takip eden VANTERM, tasarlay\u0131p \u00fcretti\u011fi <strong>toz toplay\u0131c\u0131 sistemleri ve filtre cihazlar\u0131n\u0131<\/strong> T\u00fcrkiye ve d\u00fcnyada bayileri arac\u0131l\u0131\u011f\u0131yla m\u00fc\u015fterilerinin be\u011fenisine sunmaktad\u0131r.[\/vc_column_text][\/vc_column][\/vc_row][vc_row cspt-bg-color=&#8221;white&#8221; full_width=&#8221;stretch_row&#8221; content_placement=&#8221;top&#8221; css=&#8221;.vc_custom_1570041572185{padding-top: 0px !important;padding-bottom: 40px !important;}&#8221; cspt-responsive-css=&#8221;23213412|colbreak_yes|||||||||colbreak_no|||||||||colbreak_no||||||||||colbreak_no|||||||||&#8221;][vc_column][vc_row_inner css=&#8221;.vc_custom_1556601780512{padding-top: 10px !important;}&#8221;][vc_column_inner width=&#8221;1\/3&#8243;][\/vc_column_inner][vc_column_inner width=&#8221;1\/3&#8243;][\/vc_column_inner][vc_column_inner width=&#8221;1\/3&#8243;][\/vc_column_inner][\/vc_row_inner][\/vc_column][\/vc_row][vc_row cspt-text-color=&#8221;blackish&#8221; cspt-bg-color=&#8221;light&#8221; cspt-bg-image-color-order=&#8221;image-over-color&#8221; full_width=&#8221;stretch_row&#8221; css=&#8221;.vc_custom_1570035939170{margin-top: 0px !important;margin-bottom: 0px !important;padding-top: 40px !important;padding-bottom: 40px !important;background-image: url(http:\/\/demo.creativesplanet.com\/enginir\/industry\/wp-content\/uploads\/sites\/5\/2019\/03\/map-bg.png?id=10077) !important;background-position: center !important;background-repeat: no-repeat !important;background-size: cover !important;}&#8221;][vc_column css=&#8221;.vc_custom_1555061401544{background-position: center !important;background-repeat: no-repeat !important;background-size: cover !important;}&#8221;][vc_column_text css=&#8221;.vc_custom_1571848525615{margin-top: 0px !important;margin-bottom: 0px !important;padding-top: 0px !important;padding-bottom: 0px !important;}&#8221;]<\/p>\n<blockquote>\n<p>End\u00fcstriyel tesisler i\u00e7inde soludu\u011fumuz havan\u0131n kalitesinin i\u00e7ti\u011fimiz su ya da yedi\u011fimiz g\u0131dalar kadar \u00f6nemli oldu\u011funa inan\u0131yoruz. Bu nedenle, amac\u0131m\u0131z \u00fcretim alanlar\u0131ndaki \u00e7al\u0131\u015fanlar\u0131, makinalar\u0131 ve \u00fcr\u00fcnleri, \u00e7e\u015fitli end\u00fcstriyel i\u015flemlerden a\u00e7\u0131\u011fa \u00e7\u0131kan toz, duman veya partik\u00fcl emisyonlar\u0131n\u0131n zararlar\u0131ndan koruyacak hava filtrasyon \u00e7\u00f6z\u00fcmleri sunmakt\u0131r.<\/p>\n<\/blockquote>\n<p>[\/vc_column_text][\/vc_column][\/vc_row][vc_row cspt-bg-color=&#8221;white&#8221; css=&#8221;.vc_custom_1570035991729{padding-top: 40px !important;padding-bottom: 40px !important;}&#8221;][vc_column css=&#8221;.vc_custom_1570714964166{margin-bottom: 0px !important;padding-bottom: 0px !important;}&#8221;][vc_row_inner el_class=&#8221;cspt-steps-counter&#8221; css=&#8221;.vc_custom_1570717681215{padding-top: 30px !important;}&#8221;][vc_column_inner width=&#8221;1\/3&#8243;][\/vc_column_inner][vc_column_inner width=&#8221;1\/3&#8243; cspt-responsive-css=&#8221;75758661|colbreak_no|||||||||colbreak_no|||||||||colbreak_no|25||25|||||||colbreak_no|||||||||&#8221;][\/vc_column_inner][vc_column_inner width=&#8221;1\/3&#8243;][\/vc_column_inner][\/vc_row_inner][vc_btn title=&#8221;Birlikte \u00c7al\u0131\u015fal\u0131m&#8221; style=&#8221;outline&#8221; shape=&#8221;square&#8221; align=&#8221;center&#8221; i_align=&#8221;right&#8221; i_icon_fontawesome=&#8221;fas fa-angle-double-right&#8221; add_icon=&#8221;true&#8221; css=&#8221;.vc_custom_1607857815463{margin-top: 50px !important;}&#8221; link=&#8221;url:%2Ftr%2Filetisim%2F|title:Contact%20Us||&#8221;][\/vc_column][\/vc_row][vc_row cspt-bg-color=&#8221;light&#8221; full_width=&#8221;stretch_row&#8221; content_placement=&#8221;bottom&#8221; css=&#8221;.vc_custom_1570035951402{padding-top: 40px !important;padding-bottom: 40px !important;}&#8221;][vc_column width=&#8221;1\/2&#8243;][vc_column_text css=&#8221;.vc_custom_1571848946925{margin-top: -10px !important;}&#8221;]G\u00fcn\u00fcm\u00fcz\u00fcn zorlu rekabet \u015fartlar\u0131nda <strong>\u00fcr\u00fcnlerin kalitesinin s\u00fcrekli iyile\u015ftirilmesi,<\/strong> ayr\u0131ca bu \u00fcr\u00fcnlerin ilgili \u00fcretim s\u00fcre\u00e7lerinin bir sistem olarak de\u011ferlendirilmesi ve iyile\u015ftirilmesi ka\u00e7\u0131n\u0131lmaz bir zorunluluk haline gelmi\u015ftir.<\/p>\n<p><strong>VANTERM<\/strong> olarak 2003 y\u0131l\u0131ndan itibaren kalite felsefemizi ve politikalar\u0131m\u0131z\u0131 <strong>ISO 9001<\/strong> standard\u0131na g\u00f6re olu\u015fturmaya ba\u015flad\u0131k. <strong>ISO 9001 kalite y\u00f6netim sistemini<\/strong> takip ediyor ve performans\u0131m\u0131z\u0131 iyile\u015ftirmek i\u00e7in periyodik olarak de\u011ferlendirmeler yap\u0131yor ve denetimlerden ge\u00e7iyoruz.<\/p>\n<p>Mevcut kalite sertifikam\u0131z\u0131 indirmek i\u00e7in linke t\u0131klay\u0131n.[\/vc_column_text][vc_btn title=&#8221;\u0130ndir&#8221; style=&#8221;flat&#8221; shape=&#8221;square&#8221; i_align=&#8221;right&#8221; i_icon_fontawesome=&#8221;fas fa-cloud-download-alt&#8221; add_icon=&#8221;true&#8221; link=&#8221;url:%2Ftechnical-specs-tr%2FISO_TR-2.pdf|target:_blank&#8221;][\/vc_column][vc_column width=&#8221;1\/2&#8243; cspt-responsive-css=&#8221;77906114|colbreak_no|||||||||colbreak_no|||||||||colbreak_no|25|||||||||colbreak_no|||||||||&#8221;][vc_single_image image=&#8221;14763&#8243; img_size=&#8221;300&#215;424&#8243;][\/vc_column][\/vc_row]<\/p>\n<\/section>","protected":false},"excerpt":{"rendered":"<p>[vc_row cspt-bg-color=&#8221;white&#8221; full_width=&#8221;stretch_row&#8221; content_placement=&#8221;top&#8221; css=&#8221;.vc_custom_1570041523272{padding-top: 40px !important;padding-bottom: 0px !important;}&#8221; cspt-responsive-css=&#8221;23213412|colbreak_yes|||||||||colbreak_no|||||||||colbreak_no||||||||||colbreak_no|||||||||&#8221;][vc_column width=&#8221;1\/2&#8243; css=&#8221;.vc_custom_1570649803870{margin-top: 10px !important;}&#8221;][\/vc_column][vc_column width=&#8221;1\/2&#8243; cspt-responsive-css=&#8221;71728225|colbreak_no|50||||||||colbreak_no|||||||||colbreak_no||||||||||colbreak_no|||||||||&#8221;][vc_column_text css=&#8221;.vc_custom_1571932381638{margin-bottom: 25px !important;}&#8221;]1971 y\u0131l\u0131nda \u0130stanbul &#8211; Rami&#8217;de kurulan VANTERM 45 y\u0131ldan fazla s\u00fcredir, m\u00fc\u015fterilerine farkl\u0131 end\u00fcstriyel uygulamalar i\u00e7in hava filtrasyon \u00e7\u00f6z\u00fcmleri \u2013 toz toplama sistemleri sunmaktad\u0131r. Neredeyse yar\u0131m asra yakla\u015fan bir deneyime sahip olan VANTERM, m\u00fc\u015fterilerinin end\u00fcstriyel toz toplama [&hellip;]<\/p>\n","protected":false},"author":1,"featured_media":0,"parent":0,"menu_order":7,"comment_status":"closed","ping_status":"closed","template":"","meta":{"_acf_changed":false,"footnotes":""},"acf":[],"yoast_head":"<!-- This site is optimized with the Yoast SEO plugin v23.1 - https:\/\/yoast.com\/wordpress\/plugins\/seo\/ -->\n<title>Hakk\u0131m\u0131zda - Sanayide 45 Y\u0131l\u0131 A\u015fk\u0131n Deneyim | Vanterm<\/title>\n<meta name=\"description\" content=\"VANTERM, m\u00fc\u015fterilerinin end\u00fcstriyel toz toplama ve filtrasyon ihtiya\u00e7lar\u0131na y\u00f6nelik optimum \u00e7\u00f6z\u00fcmler geli\u015ftirmekte ve \u00fcr\u00fcnler sunmaktad\u0131r.\" \/>\n<meta name=\"robots\" content=\"index, follow, max-snippet:-1, max-image-preview:large, max-video-preview:-1\" \/>\n<link rel=\"canonical\" href=\"https:\/\/vanterm.com\/tr\/hakkimizda\/\" \/>\n<meta name=\"twitter:label1\" content=\"Tahmini okuma s\u00fcresi\" \/>\n\t<meta name=\"twitter:data1\" content=\"3 dakika\" \/>\n<script type=\"application\/ld+json\" class=\"yoast-schema-graph\">{\"@context\":\"https:\/\/schema.org\",\"@graph\":[{\"@type\":\"WebPage\",\"@id\":\"https:\/\/vanterm.com\/tr\/hakkimizda\/\",\"url\":\"https:\/\/vanterm.com\/tr\/hakkimizda\/\",\"name\":\"Hakk\u0131m\u0131zda - Sanayide 45 Y\u0131l\u0131 A\u015fk\u0131n Deneyim | Vanterm\",\"isPartOf\":{\"@id\":\"https:\/\/vanterm.com\/tr\/#website\"},\"datePublished\":\"2019-10-22T07:04:47+00:00\",\"dateModified\":\"2024-07-25T20:08:55+00:00\",\"description\":\"VANTERM, m\u00fc\u015fterilerinin end\u00fcstriyel toz toplama ve filtrasyon ihtiya\u00e7lar\u0131na y\u00f6nelik optimum \u00e7\u00f6z\u00fcmler geli\u015ftirmekte ve \u00fcr\u00fcnler sunmaktad\u0131r.\",\"breadcrumb\":{\"@id\":\"https:\/\/vanterm.com\/tr\/hakkimizda\/#breadcrumb\"},\"inLanguage\":\"tr\",\"potentialAction\":[{\"@type\":\"ReadAction\",\"target\":[\"https:\/\/vanterm.com\/tr\/hakkimizda\/\"]}]},{\"@type\":\"BreadcrumbList\",\"@id\":\"https:\/\/vanterm.com\/tr\/hakkimizda\/#breadcrumb\",\"itemListElement\":[{\"@type\":\"ListItem\",\"position\":1,\"name\":\"Home\",\"item\":\"https:\/\/vanterm.com\/tr\/\"},{\"@type\":\"ListItem\",\"position\":2,\"name\":\"Hakk\u0131m\u0131zda\"}]},{\"@type\":\"WebSite\",\"@id\":\"https:\/\/vanterm.com\/tr\/#website\",\"url\":\"https:\/\/vanterm.com\/tr\/\",\"name\":\"Vanterm\",\"description\":\"Passion for excellence in clean air solutions\",\"publisher\":{\"@id\":\"https:\/\/vanterm.com\/tr\/#organization\"},\"potentialAction\":[{\"@type\":\"SearchAction\",\"target\":{\"@type\":\"EntryPoint\",\"urlTemplate\":\"https:\/\/vanterm.com\/tr\/?s={search_term_string}\"},\"query-input\":\"required name=search_term_string\"}],\"inLanguage\":\"tr\"},{\"@type\":\"Organization\",\"@id\":\"https:\/\/vanterm.com\/tr\/#organization\",\"name\":\"Vanterm\",\"url\":\"https:\/\/vanterm.com\/tr\/\",\"logo\":{\"@type\":\"ImageObject\",\"inLanguage\":\"tr\",\"@id\":\"https:\/\/vanterm.com\/tr\/#\/schema\/logo\/image\/\",\"url\":\"https:\/\/vanterm.com\/wp-content\/uploads\/2019\/11\/VANTERM_logo.png\",\"contentUrl\":\"https:\/\/vanterm.com\/wp-content\/uploads\/2019\/11\/VANTERM_logo.png\",\"width\":250,\"height\":70,\"caption\":\"Vanterm\"},\"image\":{\"@id\":\"https:\/\/vanterm.com\/tr\/#\/schema\/logo\/image\/\"}}]}<\/script>\n<!-- \/ Yoast SEO plugin. -->","yoast_head_json":{"title":"Hakk\u0131m\u0131zda - Sanayide 45 Y\u0131l\u0131 A\u015fk\u0131n Deneyim | Vanterm","description":"VANTERM, m\u00fc\u015fterilerinin end\u00fcstriyel toz toplama ve filtrasyon ihtiya\u00e7lar\u0131na y\u00f6nelik optimum \u00e7\u00f6z\u00fcmler geli\u015ftirmekte ve \u00fcr\u00fcnler sunmaktad\u0131r.","robots":{"index":"index","follow":"follow","max-snippet":"max-snippet:-1","max-image-preview":"max-image-preview:large","max-video-preview":"max-video-preview:-1"},"canonical":"https:\/\/vanterm.com\/tr\/hakkimizda\/","twitter_misc":{"Tahmini okuma s\u00fcresi":"3 dakika"},"schema":{"@context":"https:\/\/schema.org","@graph":[{"@type":"WebPage","@id":"https:\/\/vanterm.com\/tr\/hakkimizda\/","url":"https:\/\/vanterm.com\/tr\/hakkimizda\/","name":"Hakk\u0131m\u0131zda - Sanayide 45 Y\u0131l\u0131 A\u015fk\u0131n Deneyim | Vanterm","isPartOf":{"@id":"https:\/\/vanterm.com\/tr\/#website"},"datePublished":"2019-10-22T07:04:47+00:00","dateModified":"2024-07-25T20:08:55+00:00","description":"VANTERM, m\u00fc\u015fterilerinin end\u00fcstriyel toz toplama ve filtrasyon ihtiya\u00e7lar\u0131na y\u00f6nelik optimum \u00e7\u00f6z\u00fcmler geli\u015ftirmekte ve \u00fcr\u00fcnler sunmaktad\u0131r.","breadcrumb":{"@id":"https:\/\/vanterm.com\/tr\/hakkimizda\/#breadcrumb"},"inLanguage":"tr","potentialAction":[{"@type":"ReadAction","target":["https:\/\/vanterm.com\/tr\/hakkimizda\/"]}]},{"@type":"BreadcrumbList","@id":"https:\/\/vanterm.com\/tr\/hakkimizda\/#breadcrumb","itemListElement":[{"@type":"ListItem","position":1,"name":"Home","item":"https:\/\/vanterm.com\/tr\/"},{"@type":"ListItem","position":2,"name":"Hakk\u0131m\u0131zda"}]},{"@type":"WebSite","@id":"https:\/\/vanterm.com\/tr\/#website","url":"https:\/\/vanterm.com\/tr\/","name":"Vanterm","description":"Passion for excellence in clean air solutions","publisher":{"@id":"https:\/\/vanterm.com\/tr\/#organization"},"potentialAction":[{"@type":"SearchAction","target":{"@type":"EntryPoint","urlTemplate":"https:\/\/vanterm.com\/tr\/?s={search_term_string}"},"query-input":"required name=search_term_string"}],"inLanguage":"tr"},{"@type":"Organization","@id":"https:\/\/vanterm.com\/tr\/#organization","name":"Vanterm","url":"https:\/\/vanterm.com\/tr\/","logo":{"@type":"ImageObject","inLanguage":"tr","@id":"https:\/\/vanterm.com\/tr\/#\/schema\/logo\/image\/","url":"https:\/\/vanterm.com\/wp-content\/uploads\/2019\/11\/VANTERM_logo.png","contentUrl":"https:\/\/vanterm.com\/wp-content\/uploads\/2019\/11\/VANTERM_logo.png","width":250,"height":70,"caption":"Vanterm"},"image":{"@id":"https:\/\/vanterm.com\/tr\/#\/schema\/logo\/image\/"}}]}},"_links":{"self":[{"href":"https:\/\/vanterm.com\/tr\/wp-json\/wp\/v2\/pages\/13323"}],"collection":[{"href":"https:\/\/vanterm.com\/tr\/wp-json\/wp\/v2\/pages"}],"about":[{"href":"https:\/\/vanterm.com\/tr\/wp-json\/wp\/v2\/types\/page"}],"author":[{"embeddable":true,"href":"https:\/\/vanterm.com\/tr\/wp-json\/wp\/v2\/users\/1"}],"replies":[{"embeddable":true,"href":"https:\/\/vanterm.com\/tr\/wp-json\/wp\/v2\/comments?post=13323"}],"version-history":[{"count":1,"href":"https:\/\/vanterm.com\/tr\/wp-json\/wp\/v2\/pages\/13323\/revisions"}],"predecessor-version":[{"id":14765,"href":"https:\/\/vanterm.com\/tr\/wp-json\/wp\/v2\/pages\/13323\/revisions\/14765"}],"wp:attachment":[{"href":"https:\/\/vanterm.com\/tr\/wp-json\/wp\/v2\/media?parent=13323"}],"curies":[{"name":"wp","href":"https:\/\/api.w.org\/{rel}","templated":true}]}}