{"id":13359,"date":"2019-10-22T09:32:03","date_gmt":"2019-10-22T09:32:03","guid":{"rendered":"https:\/\/vanterm.com\/?page_id=13359"},"modified":"2020-01-03T20:24:07","modified_gmt":"2020-01-03T20:24:07","slug":"urunler","status":"publish","type":"page","link":"https:\/\/vanterm.com\/tr\/urunler\/","title":{"rendered":"\u00dcr\u00fcnler"},"content":{"rendered":"<section class=\"wpb-content-wrapper\"><p>[vc_row css=&#8221;.vc_custom_1570099086483{padding-top: 40px !important;}&#8221;][vc_column][vc_empty_space height=&#8221;10px&#8221;][\/vc_column][\/vc_row][vc_row][vc_column width=&#8221;1\/3&#8243;][vc_single_image image=&#8221;13365&#8243; img_size=&#8221;370&#215;225&#8243; onclick=&#8221;custom_link&#8221; link=&#8221;\/tr\/urun-kategorisi\/mobil-filtre-uniteleri\/&#8221; css=&#8221;.vc_custom_1573227198057{margin-bottom: 20px !important;}&#8221;][vc_column_text css=&#8221;.vc_custom_1573227209215{margin-bottom: 20px !important;}&#8221;]<\/p>\n<h4 style=\"text-align: left;\"><a href=\"\/tr\/urun-kategorisi\/mobil-filtre-uniteleri\/\">MOB\u0130L F\u0130LTRE \u00dcN\u0130TELER\u0130<\/a><\/h4>\n<p>[\/vc_column_text][vc_column_text css=&#8221;.vc_custom_1571737081909{margin-bottom: 20px !important;}&#8221;]VANTERM sahip oldu\u011fu zengin mobil filtre \u00fcr\u00fcn yelpazesi ile hem kaynak duman\u0131, hem de kuru toz partik\u00fclleri veya koku i\u00e7eren emisyonlar\u0131n filtrasyonu i\u00e7in farkl\u0131 \u00fcr\u00fcnler sunmaktad\u0131r. VANTERM\u2019in sundu\u011fu t\u00fcm mobil toz toplay\u0131c\u0131lar, operat\u00f6rler i\u00e7in m\u00fckemmel bir esneklik ve hareket kolayl\u0131\u011f\u0131 sa\u011flar.<\/p>\n<p>Kaynak duman\u0131 ve tozlar\u0131n\u0131n filtre edilmesi i\u00e7in \u00fcretilmi\u015f cihazlar uluslararas\u0131 W3 sertifikas\u0131na sahiptir. T\u00fcm VANTERM mobil filter \u00fcniteleri, uygulama sahas\u0131na g\u00f6re ilgili uluslararas\u0131 standarda uygundur. <strong>Tek kullan\u0131ml\u0131k (kullan-at)<\/strong> filtre elemanlar\u0131na veya <strong>temizlenebilir<\/strong> nitelikte filtre kartu\u015flar\u0131na sahip farkl\u0131 modeller mevcuttur.[\/vc_column_text]<div  class=\"creativesplanet-ul-list cspt-ul-type-icon\"><ul><li><i class=\"cspt-globalcolor fa fa-arrow-right\"><\/i> <strong><a href=\"\/tr\/pm-mobil-filtre-uniteleri\/\">PM \u2013 Mobil Filtre \u00dcniteleri<\/a><\/strong><\/li><li><i class=\"cspt-globalcolor fa fa-arrow-right\"><\/i> <strong><a href=\"\/tr\/product\/eco-mobil-filtre-uniteleri\/\">ECO \u2013 Mobil Filtre \u00dcniteleri<\/a><\/strong><\/li><li><i class=\"cspt-globalcolor fa fa-arrow-right\"><\/i> <strong><a href=\"\/tr\/product\/bg-mobil-filtre-uniteleri\/\">BG \u2013 Mobil Filtre \u00dcniteleri<\/a><\/strong><\/li><li><i class=\"cspt-globalcolor fa fa-arrow-right\"><\/i> <strong><a href=\"\/tr\/product\/m-mobil-filtre-uniteleri\/\">M \u2013 Mobil Filtre \u00dcniteleri<\/a><\/strong><\/li><\/ul><\/div>[vc_empty_space height=&#8221;10px&#8221;][\/vc_column][vc_column width=&#8221;1\/3&#8243;][vc_single_image image=&#8221;13367&#8243; img_size=&#8221;370&#215;225&#8243; onclick=&#8221;custom_link&#8221; link=&#8221;\/tr\/urun-kategorisi\/sabit-ve-merkezi-filtre-uniteleri&#8221; css=&#8221;.vc_custom_1573227865577{margin-bottom: 20px !important;}&#8221;][vc_column_text css=&#8221;.vc_custom_1573227875132{margin-bottom: 20px !important;}&#8221;]<\/p>\n<h4 style=\"text-align: left;\"><a href=\"\/tr\/urun-kategorisi\/sabit-ve-merkezi-filtre-uniteleri\/\">SAB\u0130T VE MERKEZ\u0130 F\u0130LTRE \u00dcN\u0130TELER\u0130<\/a><\/h4>\n<p>[\/vc_column_text][vc_column_text css=&#8221;.vc_custom_1571821797563{margin-bottom: 20px !important;}&#8221;]Sabit ve merkezi toz toplama \u00fcniteleri, farkl\u0131 end\u00fcstriyel i\u015flemlerde a\u00e7\u0131\u011fa \u00e7\u0131kan, \u00e7e\u015fitli toz ve partik\u00fcl emisyonlar\u0131n\u0131n filtre edilmesi i\u00e7in tasarlanm\u0131\u015ft\u0131r: Kaynak tozu ve duman\u0131, Termal kesim i\u015flemleri (\u00f6rne\u011fin <strong>Lazer kesim<\/strong> ve <strong>Plazma kesim<\/strong> gibi), ta\u015flama at\u00f6lyeleri, metal i\u015fleme sanayinde robotik kaynak h\u00fccreleri, Y\u00fcksek vakum ihtiyac\u0131 olan prosesler veya genel kuru toz emi\u015f sistemleri.<\/p>\n<p>VANTERM sabit filtre \u00fcnitelerinin bir\u00e7o\u011fu uluslararas\u0131 <strong>W3 sertifikas\u0131na<\/strong> sahiptir. Ayr\u0131ca mod\u00fcler yap\u0131s\u0131 sayesindemerkezi filtre \u00fcnitesi kapasiteleri ihtiyaca g\u00f6re artt\u0131r\u0131labilmektedir.[\/vc_column_text]<div  class=\"creativesplanet-ul-list cspt-ul-type-icon\"><ul><li><i class=\"cspt-globalcolor fa fa-arrow-right\"><\/i> <strong><a href=\"\/tr\/product\/pl-plazma-lazer-filtre-uniteleri\/\">PL-Plazma Lazer Filtre \u00dcniteleri<\/a><\/strong><\/li><li><i class=\"cspt-globalcolor fa fa-arrow-right\"><\/i> <strong><a href=\"\/tr\/product\/kab-filtre-uniteleri\/\">KAB - Filtre \u00dcniteleri<\/a><\/strong><\/li><li><i class=\"cspt-globalcolor fa fa-arrow-right\"><\/i> <strong><a href=\"\/tr\/product\/ac-filtre-uniteleri\/\">AC - Filtre \u00dcniteleri<\/a><\/strong><\/li><li><i class=\"cspt-globalcolor fa fa-arrow-right\"><\/i> <strong><a href=\"\/tr\/product\/sm-filtre-uniteleri\/\">SM \u2013 Filtre \u00dcniteleri<\/a><\/strong><\/li><li><i class=\"cspt-globalcolor fa fa-arrow-right\"><\/i> <strong><a href=\"\/tr\/product\/hv-filtre-uniteleri\/\">HV - Filtre \u00dcniteleri<\/a><\/strong><\/li><\/ul><\/div>[vc_empty_space height=&#8221;10px&#8221;][\/vc_column][vc_column width=&#8221;1\/3&#8243;][vc_single_image image=&#8221;13368&#8243; img_size=&#8221;370&#215;225&#8243; onclick=&#8221;custom_link&#8221; link=&#8221;\/tr\/urun-kategorisi\/calisma-ve-kesme-masalari\/&#8221; css=&#8221;.vc_custom_1573228303002{margin-bottom: 20px !important;}&#8221;][vc_column_text css=&#8221;.vc_custom_1573228313753{margin-bottom: 20px !important;}&#8221;]<\/p>\n<h4 style=\"text-align: left;\"><a href=\"\/tr\/urun-kategorisi\/calisma-ve-kesme-masalari\/\">\u00c7ALI\u015eMA VE KESME MASALARI<\/a><\/h4>\n<p>[\/vc_column_text][vc_column_text css=&#8221;.vc_custom_1571737239263{margin-bottom: 20px !important;}&#8221;]G\u00fcn\u00fcm\u00fczde \u00fcretim hatlar\u0131n\u0131n dinamik ve esnek bir yap\u0131ya sahip olmas\u0131 ka\u00e7\u0131n\u0131lmaz hale gelmi\u015ftir. VANTERM KTM serisi \u00e7al\u0131\u015fma masalar\u0131 bu ihtiya\u00e7lar i\u00e7in ideal \u00e7\u00f6z\u00fcmd\u00fcr. Bir \u00fcr\u00fcnde iki \u00e7\u00f6z\u00fcm bir arada sunulmaktad\u0131r: <strong>Filtrasyon \u00fcnitesi<\/strong> <strong>+<\/strong> <strong>\u00c7al\u0131\u015fma tezgah\u0131<\/strong>. Bu sayede lay-out de\u011fi\u015fimlerine kolayca uyum g\u00f6sterirken, ekonomi sa\u011flar.<\/p>\n<p>VANTERM, ayr\u0131ca <strong>z\u0131mpara<\/strong> <strong>ta\u015flama prosesleri<\/strong>, kaynak i\u015flemleri veya plazma kesim uygulamalar\u0131 i\u00e7in farkl\u0131 \u00f6zelliklerde masalar sunmaktad\u0131r.[\/vc_column_text]<div  class=\"creativesplanet-ul-list cspt-ul-type-icon\"><ul><li><i class=\"cspt-globalcolor fa fa-arrow-right\"><\/i> <strong><a href=\"\/tr\/product\/t-serisi-calisma-masalari\/\">T-Serisi \u00c7al\u0131\u015fma Masalar\u0131<\/a><\/strong>\n<\/li><li><i class=\"cspt-globalcolor fa fa-arrow-right\"><\/i> <strong><a href=\"\/tr\/product\/ktm-calisma-masalari\/\">KTM \u00c7al\u0131\u015fma Masalar\u0131<\/a><\/strong><\/li><li><i class=\"cspt-globalcolor fa fa-arrow-right\"><\/i> <strong><a href=\"\/tr\/product\/kesme-masalari\/\">Kesme Masalar\u0131<\/a><\/strong><\/li><\/ul><\/div>[vc_empty_space height=&#8221;10px&#8221;][\/vc_column][\/vc_row][vc_row][vc_column width=&#8221;1\/3&#8243;][vc_single_image image=&#8221;13363&#8243; img_size=&#8221;370&#215;225&#8243; onclick=&#8221;custom_link&#8221; link=&#8221;\/tr\/urun-kategorisi\/esnek-emis-kollari-uzatma-konsollari-ve-fanlar\/&#8221; css=&#8221;.vc_custom_1573228683191{margin-bottom: 20px !important;}&#8221;][vc_column_text css=&#8221;.vc_custom_1573228692952{margin-bottom: 20px !important;}&#8221;]<\/p>\n<h4 style=\"text-align: left;\"><a href=\"\/tr\/urun-kategorisi\/esnek-emis-kollari-uzatma-konsollari-ve-fanlar\/\">ESNEK EM\u0130\u015e KOLLARI &amp; UZATMA KONSOLLARI VE FANLAR<\/a><\/h4>\n<p>[\/vc_column_text][vc_column_text css=&#8221;.vc_custom_1571737298828{margin-bottom: 20px !important;}&#8221;]<strong>D\u00fc\u015f\u00fck bas\u0131n\u00e7 kayb\u0131na<\/strong> sahip yeni model VANTERM esnek emi\u015f kollar\u0131, merkezi toz toplama sistemleri i\u00e7in \u00f6nemli <strong>enerji tasarrufu<\/strong> sa\u011flar. Uzatma konsollar\u0131 ise daha uzak noktalardan toz ve duman emisyonlar\u0131n\u0131 yakalamaya yard\u0131mc\u0131 olur. \u00d6te yandan, duvara kolayca monte edilebilen fanlar, bak\u0131m at\u00f6lyeleri, e\u011fitim merkezleri ve okullar i\u00e7in en iyi ve ekonomik \u00e7\u00f6z\u00fcmd\u00fcr.[\/vc_column_text]<div  class=\"creativesplanet-ul-list cspt-ul-type-icon\"><ul><li><i class=\"cspt-globalcolor fa fa-arrow-right\"><\/i> <strong><a href=\"\/tr\/product\/ek-esnek-emis-kollari\/\">EK \u2013 Esnek Emi\u015f Kollar\u0131<\/a><\/strong><\/li><li><i class=\"cspt-globalcolor fa fa-arrow-right\"><\/i> <strong><a href=\"\/tr\/product\/ko-uzatma-konsollari\/\">KO \u2013 Uzatma Konsollar\u0131<\/a><\/strong><\/li><li><i class=\"cspt-globalcolor fa fa-arrow-right\"><\/i> <strong><a href=\"\/tr\/product\/vr-duvara-montaj-fanlar\/\">VR \u2013 Duvara Montaj Fanlar<\/a><\/strong>\n<\/li><\/ul><\/div>[vc_empty_space height=&#8221;10px&#8221;][\/vc_column][vc_column width=&#8221;1\/3&#8243;][vc_single_image image=&#8221;13362&#8243; img_size=&#8221;370&#215;225&#8243; onclick=&#8221;custom_link&#8221; link=&#8221;\/tr\/urun-kategorisi\/elektrostatik-filtre-uniteleri\/&#8221; css=&#8221;.vc_custom_1573045789737{margin-bottom: 20px !important;}&#8221;][vc_column_text css=&#8221;.vc_custom_1572775696227{margin-bottom: 20px !important;}&#8221;]<\/p>\n<h4 style=\"text-align: left;\"><a href=\"\/tr\/urun-kategorisi\/elektrostatik-filtre-uniteleri\/\">ELEKTROSTAT\u0130K F\u0130LTRE \u00dcN\u0130TELER\u0130<\/a><\/h4>\n<p>[\/vc_column_text][vc_column_text css=&#8221;.vc_custom_1573229771570{margin-bottom: 20px !important;}&#8221;]Elektrostatik filtre \u00fcniteleri, ya\u011f buharlar\u0131 ve nemli-yap\u0131\u015fkan nitelikteki emisyonlar\u0131n filtrasyonu i\u00e7in kullan\u0131lmaktad\u0131r. VANTERM elektrostatik filtre cihazlar\u0131, \u00f6zellikle <strong>tekstil end\u00fcstrisinde<\/strong>, s\u0131k\u00e7a yer alan <strong>RAM makinelerinin<\/strong> (Br\u00fcckner, Monforts vb. markalar) baca\/egzoz gazlar\u0131n\u0131n filtrasyonu i\u00e7in kullan\u0131lmaktad\u0131r.<\/p>\n<p>VANTERM elektrostatik filtre \u00e7\u00f6z\u00fcmlerinde, tek cihazda iki teknolojiyi birle\u015ftirerek sunmaktad\u0131r: Etkili filtrasyon + M\u00fckemmel \u0131s\u0131 geri kazan\u0131m\u0131. Bu sayede kullan\u0131c\u0131lar\u0131na tasarruf ve avantaj sa\u011flar.[\/vc_column_text]<div  class=\"creativesplanet-ul-list cspt-ul-type-icon\"><ul><li><i class=\"cspt-globalcolor fa fa-arrow-right\"><\/i> <strong><a href=\"\/tr\/product\/esp-600-elektrostatik-filtre-unitesi\/\">ESP-600 Elektrostatik Filtre \u00dcnitesi<\/a><\/strong><\/li><\/ul><\/div>[vc_empty_space height=&#8221;10px&#8221;][\/vc_column][vc_column width=&#8221;1\/3&#8243;][vc_single_image image=&#8221;13369&#8243; img_size=&#8221;370&#215;225&#8243; onclick=&#8221;custom_link&#8221; link=&#8221;\/tr\/urun-kategorisi\/capak-ayirici-ve-siklonlar\/&#8221; css=&#8221;.vc_custom_1573232516205{margin-bottom: 20px !important;}&#8221;][vc_column_text css=&#8221;.vc_custom_1573232525912{margin-bottom: 20px !important;}&#8221;]<\/p>\n<h4 style=\"text-align: left;\"><a href=\"\/tr\/urun-kategorisi\/capak-ayirici-ve-siklonlar\/\">\u00c7APAK AYIRICI &amp; S\u0130KLONLAR<\/a><\/h4>\n<p>[\/vc_column_text][vc_column_text css=&#8221;.vc_custom_1571737368641{margin-bottom: 20px !important;}&#8221;]G\u00fcn\u00fcm\u00fcz\u00fcn y\u00fcksek h\u0131z ve teknolojiye sahip \u00fcretim tesislerinde \u00e7apak ay\u0131r\u0131c\u0131lar, siklonlar veya sulu tip \u00f6n filtreler zaman zaman toz toplama sistemleri i\u00e7in vazge\u00e7ilmez hale gelmektedir. VANTERM bu alanda sahip oldu\u011fu tecr\u00fcbesini, m\u00fc\u015fterilerine farkl\u0131 ve ihtiyaca \u00f6zel \u00e7\u00f6z\u00fcmler geli\u015ftirerek sunmaktad\u0131r.[\/vc_column_text]<div  class=\"creativesplanet-ul-list cspt-ul-type-icon\"><ul><li><i class=\"cspt-globalcolor fa fa-arrow-right\"><\/i> <strong>COAX K\u0131v\u0131lc\u0131m Tutucular<\/strong><\/li><li><i class=\"cspt-globalcolor fa fa-arrow-right\"><\/i> <strong><a href=\"\/tr\/product\/sulu-on-filtre\/\">Sulu \u00d6n Filtre<\/a><\/strong><\/li><li><i class=\"cspt-globalcolor fa fa-arrow-right\"><\/i> <strong>Siklonlar<\/strong><\/li><\/ul><\/div>[vc_empty_space height=&#8221;10px&#8221;][\/vc_column][\/vc_row][vc_row][vc_column width=&#8221;1\/3&#8243;][vc_single_image image=&#8221;13364&#8243; img_size=&#8221;370&#215;225&#8243; onclick=&#8221;custom_link&#8221; link=&#8221;\/tr\/urun-kategorisi\/filtre-kuleleri\/&#8221; css=&#8221;.vc_custom_1573233196633{margin-bottom: 20px !important;}&#8221;][vc_column_text css=&#8221;.vc_custom_1573233206610{margin-bottom: 20px !important;}&#8221;]<\/p>\n<h4 style=\"text-align: left;\"><a href=\"\/tr\/urun-kategorisi\/filtre-kuleleri\/\">KULE T\u0130P\u0130 F\u0130LTRE \u00dcN\u0130TELER\u0130<\/a><\/h4>\n<p>[\/vc_column_text][vc_column_text css=&#8221;.vc_custom_1571737418642{margin-bottom: 20px !important;}&#8221;]VANTERM Filtre kuleleri, \u00fcretim hollerinin havaland\u0131r\u0131lmas\u0131 i\u00e7in ideal bir \u00e7\u00f6z\u00fcmd\u00fcr. \u00dcretim alan\u0131nda a\u00e7\u0131\u011fa \u00e7\u0131kan emisyonlar\u0131, kayna\u011f\u0131nda yakalamaya y\u00f6nelik olan \u00e7\u00f6z\u00fcmler (\u00f6rne\u011fin esnek emi\u015f kollar\u0131, davlumbazlar vb.) uygun olmad\u0131\u011f\u0131nda veya kullan\u0131lmas\u0131 m\u00fcmk\u00fcn olmad\u0131\u011f\u0131nda, Filtre Kuleleri en iyi \u00e7\u00f6z\u00fcmd\u00fcr. Kule tipi filtre \u00fcniteleri, bilhassa kaynak at\u00f6lyelerinde veya ince toz-duman ve partik\u00fcllerin a\u00e7\u0131\u011fa \u00e7\u0131kt\u0131\u011f\u0131 \u00fcretim hollerinde kullan\u0131l\u0131r.[\/vc_column_text]<div  class=\"creativesplanet-ul-list cspt-ul-type-icon\"><ul><li><i class=\"cspt-globalcolor fa fa-arrow-right\"><\/i> <strong><a href=\"\/tr\/product\/kab-vortex-filtre-uniteleri\/\">KAB \u2013 Vortex Filtre \u00dcniteleri<\/a><\/strong><\/li><\/ul><\/div>[vc_empty_space height=&#8221;10px&#8221;][\/vc_column][vc_column width=&#8221;1\/3&#8243;][vc_single_image image=&#8221;13372&#8243; img_size=&#8221;370&#215;225&#8243; onclick=&#8221;custom_link&#8221; link=&#8221;\/tr\/urun-kategorisi\/oem-icin-filtre-cozumleri\/&#8221; css=&#8221;.vc_custom_1573233898174{margin-bottom: 20px !important;}&#8221;][vc_column_text css=&#8221;.vc_custom_1573233909512{margin-bottom: 20px !important;}&#8221;]<\/p>\n<h4 style=\"text-align: left;\"><a href=\"\/tr\/urun-kategorisi\/oem-icin-filtre-cozumleri\/\">OEM \u0130\u00c7\u0130N F\u0130LTRE \u00c7\u00d6Z\u00dcMLER\u0130<\/a><\/h4>\n<p>[\/vc_column_text][vc_column_text css=&#8221;.vc_custom_1571737449889{margin-bottom: 20px !important;}&#8221;]Bu b\u00f6l\u00fcmde sekt\u00f6r\u00fcn\u00fczde ihtiya\u00e7 duyabilece\u011finiz baz\u0131 \u00e7\u00f6z\u00fcmlerimiz ve yetkinliklerimiz hakk\u0131nda bilgi bulacaks\u0131n\u0131z. VANTERM, <strong>end\u00fcstriyel filtrasyon<\/strong> hakk\u0131nda sahip oldu\u011fu uzun y\u0131llar\u0131n tecr\u00fcbesiyle <strong>OEM m\u00fc\u015fterilerinin<\/strong> ihtiya\u00e7lar\u0131na g\u00f6re filtre \u00e7\u00f6z\u00fcmleri sunmaktad\u0131r. \u015eartlar\u0131 her ge\u00e7en g\u00fcn artan \u00e7evre standartlar\u0131n\u0131 kar\u015f\u0131laman\u0131z\u0131 sa\u011flayacak \u00e7\u00f6z\u00fcmler \u00fcreten VANTERM, prosesinizi, m\u00fc\u015fterilerinizi veya \u00e7al\u0131\u015fanlar\u0131n\u0131z\u0131 toz, duman ve zararl\u0131 emisyonlardan koruyacak <strong>toz toplama \u00e7\u00f6z\u00fcmleri<\/strong> sunuyor.[\/vc_column_text]<div  class=\"creativesplanet-ul-list cspt-ul-type-icon\"><ul><li><i class=\"cspt-globalcolor fa fa-arrow-right\"><\/i> <strong><a href=\"\/tr\/product\/oem-filtre-uniteleri\/\">OEM - Filtre \u00dcniteleri<\/a><\/strong><\/li><\/ul><\/div>[vc_empty_space height=&#8221;10px&#8221;][\/vc_column][vc_column width=&#8221;1\/3&#8243;][vc_single_image image=&#8221;13361&#8243; img_size=&#8221;370&#215;225&#8243; onclick=&#8221;custom_link&#8221; link=&#8221;\/tr\/urun-kategorisi\/yardimci-ekipmanlar\/&#8221; css=&#8221;.vc_custom_1573234554778{margin-bottom: 20px !important;}&#8221;][vc_column_text css=&#8221;.vc_custom_1573234565393{margin-bottom: 20px !important;}&#8221;]<\/p>\n<h4 style=\"text-align: left;\"><a href=\"\/tr\/urun-kategorisi\/yardimci-ekipmanlar\/\">YARDIMCI EK\u0130PMANLAR<\/a><\/h4>\n<p>[\/vc_column_text][vc_column_text css=&#8221;.vc_custom_1571737480488{margin-bottom: 20px !important;}&#8221;]VANTERM, toz toplama sistemlerinin etkinli\u011fini ve verimini artt\u0131rmak i\u00e7in bir\u00e7ok tamamlay\u0131c\u0131 nitelikte olan \u00fcr\u00fcn\u00fc yard\u0131mc\u0131 ekipman olarak sunmaktad\u0131r. \u00d6rne\u011fin, kaynak i\u015flemleri i\u00e7in filtre elemanlar\u0131n\u0131n \u00f6mr\u00fcn\u00fc uzatan Precoating (toz kaplama) \u00fcnitesi gibi. Yard\u0131mc\u0131 ekipmanlar\u0131m\u0131z hakk\u0131nda daha fazla bilgiyi burada bulabilirsiniz.[\/vc_column_text]<div  class=\"creativesplanet-ul-list cspt-ul-type-icon\"><ul><li><i class=\"cspt-globalcolor fa fa-arrow-right\"><\/i> <strong><a href=\"\/tr\/product\/md-moduler-davlumbaz\/\">MD \u2013 Mod\u00fcler Davlumbaz<\/a><\/strong><\/li><li><i class=\"cspt-globalcolor fa fa-arrow-right\"><\/i> <strong><a href=\"\/tr\/product\/pc-02-precoating-unitesi\/\">PC-02  Precoating \u00dcnitesi<\/a><\/strong><\/li><li><i class=\"cspt-globalcolor fa fa-arrow-right\"><\/i> <strong><a href=\"\/tr\/product\/fan-kabinleri\/\">Fan Kabinleri<\/a><\/strong><\/li><\/ul><\/div>[vc_empty_space height=&#8221;10px&#8221;][\/vc_column][\/vc_row]<\/p>\n<\/section>","protected":false},"excerpt":{"rendered":"<p>[vc_row css=&#8221;.vc_custom_1570099086483{padding-top: 40px !important;}&#8221;][vc_column][vc_empty_space height=&#8221;10px&#8221;][\/vc_column][\/vc_row][vc_row][vc_column width=&#8221;1\/3&#8243;][vc_single_image image=&#8221;13365&#8243; img_size=&#8221;370&#215;225&#8243; onclick=&#8221;custom_link&#8221; link=&#8221;\/tr\/urun-kategorisi\/mobil-filtre-uniteleri\/&#8221; css=&#8221;.vc_custom_1573227198057{margin-bottom: 20px !important;}&#8221;][vc_column_text css=&#8221;.vc_custom_1573227209215{margin-bottom: 20px !important;}&#8221;] MOB\u0130L F\u0130LTRE \u00dcN\u0130TELER\u0130 [\/vc_column_text][vc_column_text css=&#8221;.vc_custom_1571737081909{margin-bottom: 20px !important;}&#8221;]VANTERM sahip oldu\u011fu zengin mobil filtre \u00fcr\u00fcn yelpazesi ile hem kaynak duman\u0131, hem de kuru toz partik\u00fclleri veya koku i\u00e7eren emisyonlar\u0131n filtrasyonu i\u00e7in farkl\u0131 \u00fcr\u00fcnler sunmaktad\u0131r. VANTERM\u2019in sundu\u011fu t\u00fcm mobil toz toplay\u0131c\u0131lar, operat\u00f6rler [&hellip;]<\/p>\n","protected":false},"author":1,"featured_media":0,"parent":0,"menu_order":0,"comment_status":"closed","ping_status":"closed","template":"","meta":{"_acf_changed":false,"footnotes":""},"acf":[],"yoast_head":"<!-- This site is optimized with the Yoast SEO plugin v23.1 - https:\/\/yoast.com\/wordpress\/plugins\/seo\/ -->\n<title>Filtre \u00dcniteleri &amp; Toz Toplama Makinalar\u0131 | Vanterm - \u00dcr\u00fcnler<\/title>\n<meta name=\"description\" content=\"Mobil Filtre \u00dcniteleri, Sabit ve Merkezi Filtre \u00dcniteleri, \u00c7al\u0131\u015fma ve Kesme Masalar\u0131, Esnek Emi\u015f Kollar\u0131 &amp; Uzatma Konsolu, Fanlar ve di\u011fer t\u00fcm \u00fcr\u00fcnler.\" \/>\n<meta name=\"robots\" content=\"index, follow, max-snippet:-1, max-image-preview:large, max-video-preview:-1\" \/>\n<link rel=\"canonical\" href=\"https:\/\/vanterm.com\/tr\/urunler\/\" \/>\n<meta name=\"twitter:label1\" content=\"Tahmini okuma s\u00fcresi\" \/>\n\t<meta name=\"twitter:data1\" content=\"9 dakika\" \/>\n<script type=\"application\/ld+json\" class=\"yoast-schema-graph\">{\"@context\":\"https:\/\/schema.org\",\"@graph\":[{\"@type\":\"WebPage\",\"@id\":\"https:\/\/vanterm.com\/tr\/urunler\/\",\"url\":\"https:\/\/vanterm.com\/tr\/urunler\/\",\"name\":\"Filtre \u00dcniteleri & Toz Toplama Makinalar\u0131 | Vanterm - \u00dcr\u00fcnler\",\"isPartOf\":{\"@id\":\"https:\/\/vanterm.com\/tr\/#website\"},\"datePublished\":\"2019-10-22T09:32:03+00:00\",\"dateModified\":\"2020-01-03T20:24:07+00:00\",\"description\":\"Mobil Filtre \u00dcniteleri, Sabit ve Merkezi Filtre \u00dcniteleri, \u00c7al\u0131\u015fma ve Kesme Masalar\u0131, Esnek Emi\u015f Kollar\u0131 & Uzatma Konsolu, Fanlar ve di\u011fer t\u00fcm \u00fcr\u00fcnler.\",\"breadcrumb\":{\"@id\":\"https:\/\/vanterm.com\/tr\/urunler\/#breadcrumb\"},\"inLanguage\":\"tr\",\"potentialAction\":[{\"@type\":\"ReadAction\",\"target\":[\"https:\/\/vanterm.com\/tr\/urunler\/\"]}]},{\"@type\":\"BreadcrumbList\",\"@id\":\"https:\/\/vanterm.com\/tr\/urunler\/#breadcrumb\",\"itemListElement\":[{\"@type\":\"ListItem\",\"position\":1,\"name\":\"Home\",\"item\":\"https:\/\/vanterm.com\/tr\/\"},{\"@type\":\"ListItem\",\"position\":2,\"name\":\"\u00dcr\u00fcnler\"}]},{\"@type\":\"WebSite\",\"@id\":\"https:\/\/vanterm.com\/tr\/#website\",\"url\":\"https:\/\/vanterm.com\/tr\/\",\"name\":\"Vanterm\",\"description\":\"Passion for excellence in clean air solutions\",\"publisher\":{\"@id\":\"https:\/\/vanterm.com\/tr\/#organization\"},\"potentialAction\":[{\"@type\":\"SearchAction\",\"target\":{\"@type\":\"EntryPoint\",\"urlTemplate\":\"https:\/\/vanterm.com\/tr\/?s={search_term_string}\"},\"query-input\":\"required name=search_term_string\"}],\"inLanguage\":\"tr\"},{\"@type\":\"Organization\",\"@id\":\"https:\/\/vanterm.com\/tr\/#organization\",\"name\":\"Vanterm\",\"url\":\"https:\/\/vanterm.com\/tr\/\",\"logo\":{\"@type\":\"ImageObject\",\"inLanguage\":\"tr\",\"@id\":\"https:\/\/vanterm.com\/tr\/#\/schema\/logo\/image\/\",\"url\":\"https:\/\/vanterm.com\/wp-content\/uploads\/2019\/11\/VANTERM_logo.png\",\"contentUrl\":\"https:\/\/vanterm.com\/wp-content\/uploads\/2019\/11\/VANTERM_logo.png\",\"width\":250,\"height\":70,\"caption\":\"Vanterm\"},\"image\":{\"@id\":\"https:\/\/vanterm.com\/tr\/#\/schema\/logo\/image\/\"}}]}<\/script>\n<!-- \/ Yoast SEO plugin. -->","yoast_head_json":{"title":"Filtre \u00dcniteleri & Toz Toplama Makinalar\u0131 | Vanterm - \u00dcr\u00fcnler","description":"Mobil Filtre \u00dcniteleri, Sabit ve Merkezi Filtre \u00dcniteleri, \u00c7al\u0131\u015fma ve Kesme Masalar\u0131, Esnek Emi\u015f Kollar\u0131 & Uzatma Konsolu, Fanlar ve di\u011fer t\u00fcm \u00fcr\u00fcnler.","robots":{"index":"index","follow":"follow","max-snippet":"max-snippet:-1","max-image-preview":"max-image-preview:large","max-video-preview":"max-video-preview:-1"},"canonical":"https:\/\/vanterm.com\/tr\/urunler\/","twitter_misc":{"Tahmini okuma s\u00fcresi":"9 dakika"},"schema":{"@context":"https:\/\/schema.org","@graph":[{"@type":"WebPage","@id":"https:\/\/vanterm.com\/tr\/urunler\/","url":"https:\/\/vanterm.com\/tr\/urunler\/","name":"Filtre \u00dcniteleri & Toz Toplama Makinalar\u0131 | Vanterm - \u00dcr\u00fcnler","isPartOf":{"@id":"https:\/\/vanterm.com\/tr\/#website"},"datePublished":"2019-10-22T09:32:03+00:00","dateModified":"2020-01-03T20:24:07+00:00","description":"Mobil Filtre \u00dcniteleri, Sabit ve Merkezi Filtre \u00dcniteleri, \u00c7al\u0131\u015fma ve Kesme Masalar\u0131, Esnek Emi\u015f Kollar\u0131 & Uzatma Konsolu, Fanlar ve di\u011fer t\u00fcm \u00fcr\u00fcnler.","breadcrumb":{"@id":"https:\/\/vanterm.com\/tr\/urunler\/#breadcrumb"},"inLanguage":"tr","potentialAction":[{"@type":"ReadAction","target":["https:\/\/vanterm.com\/tr\/urunler\/"]}]},{"@type":"BreadcrumbList","@id":"https:\/\/vanterm.com\/tr\/urunler\/#breadcrumb","itemListElement":[{"@type":"ListItem","position":1,"name":"Home","item":"https:\/\/vanterm.com\/tr\/"},{"@type":"ListItem","position":2,"name":"\u00dcr\u00fcnler"}]},{"@type":"WebSite","@id":"https:\/\/vanterm.com\/tr\/#website","url":"https:\/\/vanterm.com\/tr\/","name":"Vanterm","description":"Passion for excellence in clean air solutions","publisher":{"@id":"https:\/\/vanterm.com\/tr\/#organization"},"potentialAction":[{"@type":"SearchAction","target":{"@type":"EntryPoint","urlTemplate":"https:\/\/vanterm.com\/tr\/?s={search_term_string}"},"query-input":"required name=search_term_string"}],"inLanguage":"tr"},{"@type":"Organization","@id":"https:\/\/vanterm.com\/tr\/#organization","name":"Vanterm","url":"https:\/\/vanterm.com\/tr\/","logo":{"@type":"ImageObject","inLanguage":"tr","@id":"https:\/\/vanterm.com\/tr\/#\/schema\/logo\/image\/","url":"https:\/\/vanterm.com\/wp-content\/uploads\/2019\/11\/VANTERM_logo.png","contentUrl":"https:\/\/vanterm.com\/wp-content\/uploads\/2019\/11\/VANTERM_logo.png","width":250,"height":70,"caption":"Vanterm"},"image":{"@id":"https:\/\/vanterm.com\/tr\/#\/schema\/logo\/image\/"}}]}},"_links":{"self":[{"href":"https:\/\/vanterm.com\/tr\/wp-json\/wp\/v2\/pages\/13359"}],"collection":[{"href":"https:\/\/vanterm.com\/tr\/wp-json\/wp\/v2\/pages"}],"about":[{"href":"https:\/\/vanterm.com\/tr\/wp-json\/wp\/v2\/types\/page"}],"author":[{"embeddable":true,"href":"https:\/\/vanterm.com\/tr\/wp-json\/wp\/v2\/users\/1"}],"replies":[{"embeddable":true,"href":"https:\/\/vanterm.com\/tr\/wp-json\/wp\/v2\/comments?post=13359"}],"version-history":[{"count":0,"href":"https:\/\/vanterm.com\/tr\/wp-json\/wp\/v2\/pages\/13359\/revisions"}],"wp:attachment":[{"href":"https:\/\/vanterm.com\/tr\/wp-json\/wp\/v2\/media?parent=13359"}],"curies":[{"name":"wp","href":"https:\/\/api.w.org\/{rel}","templated":true}]}}