{"id":13699,"date":"2019-10-23T18:10:48","date_gmt":"2019-10-23T18:10:48","guid":{"rendered":"https:\/\/vanterm.com\/?page_id=13699"},"modified":"2021-11-25T15:55:44","modified_gmt":"2021-11-25T15:55:44","slug":"uygulamalar","status":"publish","type":"page","link":"https:\/\/vanterm.com\/tr\/uygulamalar\/","title":{"rendered":"Uygulamalar"},"content":{"rendered":"<section class=\"wpb-content-wrapper\"><p>[vc_row css=&#8221;.vc_custom_1570099154591{padding-top: 40px !important;padding-bottom: 0px !important;}&#8221;][vc_column][vc_empty_space height=&#8221;10px&#8221;][\/vc_column][\/vc_row][vc_row][vc_column width=&#8221;1\/3&#8243;][vc_single_image image=&#8221;13701&#8243; img_size=&#8221;370&#215;225&#8243; css_animation=&#8221;none&#8221; css=&#8221;.vc_custom_1570632129139{margin-bottom: 20px !important;}&#8221;][vc_column_text css=&#8221;.vc_custom_1572083614387{margin-top: 0px !important;margin-bottom: 20px !important;}&#8221;]<\/p>\n<h4 style=\"text-align: left;\">KAYNAK DUMANI F\u0130LTRASYONU<\/h4>\n<p>[\/vc_column_text]<div  class=\"creativesplanet-ul-list cspt-ul-type-icon\"><ul><li><i class=\"cspt-globalcolor fa fa-arrow-right\"><\/i> <strong><a href=\"\/tr\/application\/push-pull-sistem-ile-kaynakhane-havalandirmasi\/\">Push Pull sistem ile kaynakhane havaland\u0131rmas\u0131<\/a><\/strong><\/li><li><i class=\"cspt-globalcolor fa fa-arrow-right\"><\/i> <strong><a href=\"\/tr\/application\/merkezi-toz-toplama-ile-filtrasyon-uygulamasi\/\">Merkezi toz toplama ile filtrasyon uygulamas\u0131<\/a><\/strong><\/li><li><i class=\"cspt-globalcolor fa fa-arrow-right\"><\/i> <strong><a href=\"\/tr\/application\/esnek-emis-kolu-ve-uzatma-konsolu-uygulamasi\/\">Esnek emi\u015f kolu ve uzatma konsolu uygulamas\u0131<\/a><\/strong><\/li><li><i class=\"cspt-globalcolor fa fa-arrow-right\"><\/i> <strong><a href=\"\/tr\/application\/mobil-filtre-unitesi-ile-filtrasyon\/\">Mobil filtre \u00fcnitesi ile filtrasyon<\/a><\/strong><\/li><li><i class=\"cspt-globalcolor fa fa-arrow-right\"><\/i> <strong><a href=\"\/tr\/application\/robotik-lazer-kaynagi-filtrasyon-cozumu\/\">Robotik lazer kayna\u011f\u0131 filtrasyon \u00e7\u00f6z\u00fcm\u00fc <\/a><\/strong><\/li><li><i class=\"cspt-globalcolor fa fa-arrow-right\"><\/i> <strong><a href=\"\/tr\/uygulama-tr\/otomobil-fabrikasinda-kaynakhane-filtrasyonu\/\">Otomobil fabrikasinda kaynakhane filtrasyonu<\/a><\/strong><\/li><li><i class=\"cspt-globalcolor fa fa-arrow-right\"><\/i> <strong><a href=\"\/tr\/uygulama-tr\/otomobil-yan-sanayinde-robot-lazer-kaynaginin-filtrasyonu\/\">Robot Lazer Kayna\u011f\u0131n\u0131n Filtrasyonu<\/a><\/strong><\/li><\/ul><\/div>[vc_empty_space height=&#8221;20px&#8221;][\/vc_column][vc_column width=&#8221;1\/3&#8243;][vc_single_image image=&#8221;13702&#8243; img_size=&#8221;370&#215;225&#8243; css=&#8221;.vc_custom_1570632138914{margin-bottom: 20px !important;}&#8221;][vc_column_text css=&#8221;.vc_custom_1572031499300{margin-bottom: 20px !important;}&#8221;]<\/p>\n<h4 style=\"text-align: left;\">LAZER &amp; PLAZMA KES\u0130M UYGULAMALARI<\/h4>\n<p>[\/vc_column_text]<div  class=\"creativesplanet-ul-list cspt-ul-type-icon\"><ul><li><i class=\"cspt-globalcolor fa fa-arrow-right\"><\/i> <strong><a href=\"\/tr\/application\/koike-marka-lazer-kesim-makinasi-filtrasyonu\/\">Koike marka lazer kesim makinas\u0131 filtrasyonu<\/a><\/strong><\/li><li><i class=\"cspt-globalcolor fa fa-arrow-right\"><\/i> <strong><a href=\"\/tr\/application\/lazer-kesim-makinalari-atolye-cozumu\/\">Lazer kesim makinalar\u0131 at\u00f6lye \u00e7\u00f6z\u00fcm\u00fc<\/a><\/strong><\/li><li><i class=\"cspt-globalcolor fa fa-arrow-right\"><\/i> <strong><a href=\"\/tr\/application\/mercedes-fabrikasinda-toz-toplama-uygulamasi\/\">Mercedes fabrikas\u0131nda toz toplama uygulamas\u0131<\/a><\/strong><\/li><li><i class=\"cspt-globalcolor fa fa-arrow-right\"><\/i> <strong><a href=\"\/tr\/application\/fason-imalat-sektorunde-lazer-kesim-filtrasyonu\/\">Fason imalat sekt\u00f6r\u00fcnde lazer kesim filtrasyonu<\/a><\/strong><\/li><li><i class=\"cspt-globalcolor fa fa-arrow-right\"><\/i> <strong><a href=\"\/tr\/application\/cnc-plazma-profil-kesim-hatlari-icin-filtre-cozumu\/\">CNC plazma profil kesim hatlar\u0131 i\u00e7in filtre \u00c7\u00f6z\u00fcm\u00fc<\/a><\/strong><\/li><li><i class=\"cspt-globalcolor fa fa-arrow-right\"><\/i> <strong><a href=\"\/tr\/application\/toz-sorunu-olan-lazer-kesim-makinasi-uygulamasi\/\">Toz sorunu olan lazer kesim makinas\u0131 uygulamas\u0131<\/a><\/strong><\/li><li><i class=\"cspt-globalcolor fa fa-arrow-right\"><\/i> <strong><a href=\"\/tr\/uygulama-tr\/otomobil-yan-sanayinde-ipg-marka-lazer-tezgah-filtrasyonu\/\">Otomobil Yan Sanayinde Lazer Tezgah Filtrasyonu<\/a><\/strong><\/li><\/ul><\/div>[vc_empty_space height=&#8221;20px&#8221;][\/vc_column][vc_column width=&#8221;1\/3&#8243;][vc_single_image image=&#8221;13700&#8243; img_size=&#8221;370&#215;225&#8243; css=&#8221;.vc_custom_1570632146243{margin-bottom: 20px !important;}&#8221;][vc_column_text css=&#8221;.vc_custom_1572084068572{margin-bottom: 20px !important;}&#8221;]<\/p>\n<h4 style=\"text-align: left;\">ZIMPARA &amp; TA\u015eLAMA \u0130\u015eLEMLER\u0130<\/h4>\n<p>[\/vc_column_text]<div  class=\"creativesplanet-ul-list cspt-ul-type-icon\"><ul><li><i class=\"cspt-globalcolor fa fa-arrow-right\"><\/i> <strong><a href=\"\/tr\/application\/taslama-zimpara-proseslerinde-filtrasyon-cozumu\/\">Ta\u015flama-z\u0131mpara proseslerinde filtrasyon \u00e7\u00f6z\u00fcm\u00fc<\/a><\/strong><\/li><li><i class=\"cspt-globalcolor fa fa-arrow-right\"><\/i> <strong><a href=\"\/tr\/application\/otomatik-capak-alma-makinasi-filtrasyonu\/\">Otomatik \u00e7apak alma makinas\u0131 filtrasyonu <\/a><\/strong><\/li><li><i class=\"cspt-globalcolor fa fa-arrow-right\"><\/i> <strong><a href=\"\/tr\/uygulama-tr\/manuel-taslama-isleri-icin-sistem-cozumu\/\">Manuel ta\u015flama i\u015fleri i\u00e7in sistem \u00e7\u00f6z\u00fcm\u00fc<\/a><\/strong><\/li><li><i class=\"cspt-globalcolor fa fa-arrow-right\"><\/i> <strong><a href=\"\/tr\/application\/merkezi-filtre-unitesi-zimpara-ve-taslama-uygulamasi\/\">Merkezi filtre \u00fcnitesi z\u0131mpara&amp;ta\u015flama uygulamas\u0131<\/a><\/strong><\/li><li><i class=\"cspt-globalcolor fa fa-arrow-right\"><\/i> <strong><a href=\"\/tr\/application\/dusuk-kapasiteli-capak-alma-makinasi-filtrasyonu\/\">D\u00fc\u015f\u00fck kapasiteli \u00e7apak alma makinas\u0131 filtrasyonu<\/a><\/strong><\/li><\/ul><\/div>[vc_empty_space height=&#8221;20px&#8221;][\/vc_column][\/vc_row][vc_row][vc_column width=&#8221;1\/3&#8243;][vc_single_image image=&#8221;13703&#8243; img_size=&#8221;370&#215;225&#8243; css=&#8221;.vc_custom_1570632155309{margin-bottom: 20px !important;}&#8221;][vc_column_text css=&#8221;.vc_custom_1572084228975{margin-bottom: 20px !important;}&#8221;]<\/p>\n<h4 style=\"text-align: left;\">\u00c7E\u015e\u0130TL\u0130 KURU TOZ UYGULAMALARI<\/h4>\n<p>[\/vc_column_text]<div  class=\"creativesplanet-ul-list cspt-ul-type-icon\"><ul><li><i class=\"cspt-globalcolor fa fa-arrow-right\"><\/i> <strong><a href=\"\/tr\/application\/grafit-isleme-makinalari\/\">Grafit i\u015fleme makinalar\u0131<\/a><\/strong><\/li><li><i class=\"cspt-globalcolor fa fa-arrow-right\"><\/i> <strong><a href=\"\/tr\/application\/plastik-ve-bakir-parca-isleme-atolyeleri\/\">Plastik ve bak\u0131r par\u00e7a i\u015fleme at\u00f6lyeleri<\/a><\/strong><\/li><li><i class=\"cspt-globalcolor fa fa-arrow-right\"><\/i> <strong><a href=\"\/tr\/application\/kuru-tozlarin-mixer-karisim-uygulamasi\/\">Kuru tozlar\u0131n mixer (kar\u0131\u015f\u0131m) uygulamas\u0131<\/a><\/strong><\/li><li><i class=\"cspt-globalcolor fa fa-arrow-right\"><\/i> <strong><a href=\"\/tr\/uygulama-tr\/seramik-kil-tozu-filtrasyonu\/\">Seramik Tozu Filtrasyonu<\/a><\/strong><\/li><\/ul><\/div>[vc_empty_space height=&#8221;20px&#8221;][\/vc_column][vc_column width=&#8221;1\/3&#8243;][vc_single_image image=&#8221;13707&#8243; img_size=&#8221;370&#215;225&#8243; css=&#8221;.vc_custom_1570632161231{margin-bottom: 20px !important;}&#8221;][vc_column_text css=&#8221;.vc_custom_1572031603138{margin-bottom: 20px !important;}&#8221;]<\/p>\n<h4 style=\"text-align: left;\">RAM BACALARI &amp; KOKU F\u0130LTRASYONU<\/h4>\n<p>[\/vc_column_text]<div  class=\"creativesplanet-ul-list cspt-ul-type-icon\"><ul><li><i class=\"cspt-globalcolor fa fa-arrow-right\"><\/i> <strong><a href=\"\/tr\/application\/turbin-bakiminda-olusan-koku-sorunu-cozumu\/\">T\u00fcrbin bak\u0131m\u0131nda olu\u015fan koku sorunu \u00e7\u00f6z\u00fcm\u00fc<\/a><\/strong><\/li><li><i class=\"cspt-globalcolor fa fa-arrow-right\"><\/i> <strong><a href=\"\/tr\/application\/dokumhane-uygulamasi\/\">D\u00f6k\u00fcmhane uygulamas\u0131<\/a><\/strong><\/li><li><i class=\"cspt-globalcolor fa fa-arrow-right\"><\/i> <strong><a href=\"\/tr\/application\/tekstil-sanayinde-ram-bacalari-filtrasyon-cozumu\/\">Tekstil sanayinde RAM bacalar\u0131 filtrasyon \u00e7\u00f6z\u00fcm\u00fc<\/a><\/strong><\/li><\/ul><\/div>[vc_empty_space height=&#8221;20px&#8221;][\/vc_column][vc_column width=&#8221;1\/3&#8243;][vc_single_image image=&#8221;13704&#8243; img_size=&#8221;370&#215;225&#8243; css=&#8221;.vc_custom_1570632168918{margin-bottom: 20px !important;}&#8221;][vc_column_text css=&#8221;.vc_custom_1572031630533{margin-bottom: 20px !important;}&#8221;]<\/p>\n<h4 style=\"text-align: left;\">AH\u015eAP \u0130\u015eLEME VE MARANGOZHANELER<\/h4>\n<p>[\/vc_column_text]<div  class=\"creativesplanet-ul-list cspt-ul-type-icon\"><ul><li><i class=\"cspt-globalcolor fa fa-arrow-right\"><\/i> <strong><a href=\"\/tr\/application\/marangozhanede-toz-toplama-uygulamasi\/\">Marangozhanede toz toplama uygulamas\u0131<\/a><\/strong><\/li><li><i class=\"cspt-globalcolor fa fa-arrow-right\"><\/i> <strong><a href=\"\/tr\/application\/otomatik-ahsap-isleme-merkezi\/\">Otomatik ah\u015fap i\u015fleme merkezi<\/a><\/strong><\/li><\/ul><\/div>[vc_empty_space height=&#8221;20px&#8221;][\/vc_column][\/vc_row][vc_row][vc_column width=&#8221;1\/3&#8243;][vc_single_image image=&#8221;13708&#8243; img_size=&#8221;370&#215;225&#8243; css=&#8221;.vc_custom_1570632176765{margin-bottom: 20px !important;}&#8221;][vc_column_text css=&#8221;.vc_custom_1572031662185{margin-bottom: 20px !important;}&#8221;]<\/p>\n<h4 style=\"text-align: left;\">KUMLAMA PROSES\u0130 UYGULAMALARI<\/h4>\n<p>[\/vc_column_text]<div  class=\"creativesplanet-ul-list cspt-ul-type-icon\"><ul><li><i class=\"cspt-globalcolor fa fa-arrow-right\"><\/i> <strong><a href=\"\/tr\/application\/tam-otomatik-kontinu-kumlama-kabini-uygulamasi\/\">Tam otomatik, kontinu kumlama kabini uygulamas\u0131<\/a><\/strong><\/li><li><i class=\"cspt-globalcolor fa fa-arrow-right\"><\/i> <strong><a href=\"\/tr\/application\/plastik-parcalarda-kumlama-prosesi-filtrasyonu\/\">Plastik par\u00e7alarda kumlama prosesi filtrasyonu<\/a><\/strong>\n<\/li><\/ul><\/div>[vc_empty_space height=&#8221;20px&#8221;][\/vc_column][vc_column width=&#8221;1\/3&#8243;][vc_single_image image=&#8221;13705&#8243; img_size=&#8221;370&#215;225&#8243; css=&#8221;.vc_custom_1570632182662{margin-bottom: 20px !important;}&#8221;][vc_column_text css=&#8221;.vc_custom_1572031680810{margin-bottom: 20px !important;}&#8221;]<\/p>\n<h4 style=\"text-align: left;\">KOMPOZ\u0130T MALZEME \u0130\u015eLEMLER\u0130<\/h4>\n<p>[\/vc_column_text]<div  class=\"creativesplanet-ul-list cspt-ul-type-icon\"><ul><li><i class=\"cspt-globalcolor fa fa-arrow-right\"><\/i> <strong><a href=\"\/tr\/application\/kompozit-malzeme-isleme-hattinda-tozsuzlastirma\/\">Kompozit malzeme i\u015fleme hatt\u0131nda tozsuzla\u015ft\u0131rma<\/a><\/strong><\/li><\/ul><\/div>[vc_empty_space height=&#8221;20px&#8221;][\/vc_column][vc_column width=&#8221;1\/3&#8243;][vc_single_image image=&#8221;13706&#8243; img_size=&#8221;370&#215;225&#8243; css=&#8221;.vc_custom_1570632188694{margin-bottom: 20px !important;}&#8221;][vc_column_text css=&#8221;.vc_custom_1572031698578{margin-bottom: 20px !important;}&#8221;]<\/p>\n<h4 style=\"text-align: left;\">CNC \u0130\u015eLEME MERKEZLER\u0130<\/h4>\n<p>[\/vc_column_text]<div  class=\"creativesplanet-ul-list cspt-ul-type-icon\"><ul><li><i class=\"cspt-globalcolor fa fa-arrow-right\"><\/i> <strong><a href=\"\/tr\/application\/cnc-isleme-merkezi-icin-filtre-cozumu\/\">CNC i\u015fleme merkezi i\u00e7in filtre \u00e7\u00f6z\u00fcm\u00fc<\/a><\/strong><\/li><\/ul><\/div>[vc_empty_space height=&#8221;20px&#8221;][\/vc_column][\/vc_row]<\/p>\n<\/section>","protected":false},"excerpt":{"rendered":"<p>[vc_row css=&#8221;.vc_custom_1570099154591{padding-top: 40px !important;padding-bottom: 0px !important;}&#8221;][vc_column][vc_empty_space height=&#8221;10px&#8221;][\/vc_column][\/vc_row][vc_row][vc_column width=&#8221;1\/3&#8243;][vc_single_image image=&#8221;13701&#8243; img_size=&#8221;370&#215;225&#8243; css_animation=&#8221;none&#8221; css=&#8221;.vc_custom_1570632129139{margin-bottom: 20px !important;}&#8221;][vc_column_text css=&#8221;.vc_custom_1572083614387{margin-top: 0px !important;margin-bottom: 20px !important;}&#8221;] KAYNAK DUMANI F\u0130LTRASYONU [\/vc_column_text][vc_empty_space height=&#8221;20px&#8221;][\/vc_column][vc_column width=&#8221;1\/3&#8243;][vc_single_image image=&#8221;13702&#8243; img_size=&#8221;370&#215;225&#8243; css=&#8221;.vc_custom_1570632138914{margin-bottom: 20px !important;}&#8221;][vc_column_text css=&#8221;.vc_custom_1572031499300{margin-bottom: 20px !important;}&#8221;] LAZER &amp; PLAZMA KES\u0130M UYGULAMALARI [\/vc_column_text][vc_empty_space height=&#8221;20px&#8221;][\/vc_column][vc_column width=&#8221;1\/3&#8243;][vc_single_image image=&#8221;13700&#8243; img_size=&#8221;370&#215;225&#8243; css=&#8221;.vc_custom_1570632146243{margin-bottom: 20px !important;}&#8221;][vc_column_text css=&#8221;.vc_custom_1572084068572{margin-bottom: 20px !important;}&#8221;] ZIMPARA &amp; TA\u015eLAMA \u0130\u015eLEMLER\u0130 [\/vc_column_text][vc_empty_space height=&#8221;20px&#8221;][\/vc_column][\/vc_row][vc_row][vc_column [&hellip;]<\/p>\n","protected":false},"author":1,"featured_media":0,"parent":0,"menu_order":0,"comment_status":"closed","ping_status":"closed","template":"","meta":{"_acf_changed":false,"footnotes":""},"acf":[],"yoast_head":"<!-- This site is optimized with the Yoast SEO plugin v23.1 - https:\/\/yoast.com\/wordpress\/plugins\/seo\/ -->\n<title>Uygulamalar - End\u00fcstride Uygulanm\u0131\u015f \u00c7\u00f6z\u00fcmler | Vanterm<\/title>\n<meta name=\"description\" content=\"Kaynak duman\u0131 filtrasyonu, Lazer &amp; Plazma kesim, Z\u0131mpara &amp; Ta\u015flama i\u015flemleri, \u00c7e\u015fitli kuru toz, Ram Bacalar\u0131 &amp; Koku Filtrasyonu ve di\u011fer uygulamalar.\" \/>\n<meta name=\"robots\" content=\"index, follow, max-snippet:-1, max-image-preview:large, max-video-preview:-1\" \/>\n<link rel=\"canonical\" href=\"https:\/\/vanterm.com\/tr\/uygulamalar\/\" \/>\n<meta name=\"twitter:label1\" content=\"Tahmini okuma s\u00fcresi\" \/>\n\t<meta name=\"twitter:data1\" content=\"1 dakika\" \/>\n<script type=\"application\/ld+json\" class=\"yoast-schema-graph\">{\"@context\":\"https:\/\/schema.org\",\"@graph\":[{\"@type\":\"WebPage\",\"@id\":\"https:\/\/vanterm.com\/tr\/uygulamalar\/\",\"url\":\"https:\/\/vanterm.com\/tr\/uygulamalar\/\",\"name\":\"Uygulamalar - End\u00fcstride Uygulanm\u0131\u015f \u00c7\u00f6z\u00fcmler | Vanterm\",\"isPartOf\":{\"@id\":\"https:\/\/vanterm.com\/tr\/#website\"},\"datePublished\":\"2019-10-23T18:10:48+00:00\",\"dateModified\":\"2021-11-25T15:55:44+00:00\",\"description\":\"Kaynak duman\u0131 filtrasyonu, Lazer & Plazma kesim, Z\u0131mpara & Ta\u015flama i\u015flemleri, \u00c7e\u015fitli kuru toz, Ram Bacalar\u0131 & Koku Filtrasyonu ve di\u011fer uygulamalar.\",\"breadcrumb\":{\"@id\":\"https:\/\/vanterm.com\/tr\/uygulamalar\/#breadcrumb\"},\"inLanguage\":\"tr\",\"potentialAction\":[{\"@type\":\"ReadAction\",\"target\":[\"https:\/\/vanterm.com\/tr\/uygulamalar\/\"]}]},{\"@type\":\"BreadcrumbList\",\"@id\":\"https:\/\/vanterm.com\/tr\/uygulamalar\/#breadcrumb\",\"itemListElement\":[{\"@type\":\"ListItem\",\"position\":1,\"name\":\"Home\",\"item\":\"https:\/\/vanterm.com\/tr\/\"},{\"@type\":\"ListItem\",\"position\":2,\"name\":\"Uygulamalar\"}]},{\"@type\":\"WebSite\",\"@id\":\"https:\/\/vanterm.com\/tr\/#website\",\"url\":\"https:\/\/vanterm.com\/tr\/\",\"name\":\"Vanterm\",\"description\":\"Passion for excellence in clean air solutions\",\"publisher\":{\"@id\":\"https:\/\/vanterm.com\/tr\/#organization\"},\"potentialAction\":[{\"@type\":\"SearchAction\",\"target\":{\"@type\":\"EntryPoint\",\"urlTemplate\":\"https:\/\/vanterm.com\/tr\/?s={search_term_string}\"},\"query-input\":\"required name=search_term_string\"}],\"inLanguage\":\"tr\"},{\"@type\":\"Organization\",\"@id\":\"https:\/\/vanterm.com\/tr\/#organization\",\"name\":\"Vanterm\",\"url\":\"https:\/\/vanterm.com\/tr\/\",\"logo\":{\"@type\":\"ImageObject\",\"inLanguage\":\"tr\",\"@id\":\"https:\/\/vanterm.com\/tr\/#\/schema\/logo\/image\/\",\"url\":\"https:\/\/vanterm.com\/wp-content\/uploads\/2019\/11\/VANTERM_logo.png\",\"contentUrl\":\"https:\/\/vanterm.com\/wp-content\/uploads\/2019\/11\/VANTERM_logo.png\",\"width\":250,\"height\":70,\"caption\":\"Vanterm\"},\"image\":{\"@id\":\"https:\/\/vanterm.com\/tr\/#\/schema\/logo\/image\/\"}}]}<\/script>\n<!-- \/ Yoast SEO plugin. -->","yoast_head_json":{"title":"Uygulamalar - End\u00fcstride Uygulanm\u0131\u015f \u00c7\u00f6z\u00fcmler | Vanterm","description":"Kaynak duman\u0131 filtrasyonu, Lazer & Plazma kesim, Z\u0131mpara & Ta\u015flama i\u015flemleri, \u00c7e\u015fitli kuru toz, Ram Bacalar\u0131 & Koku Filtrasyonu ve di\u011fer uygulamalar.","robots":{"index":"index","follow":"follow","max-snippet":"max-snippet:-1","max-image-preview":"max-image-preview:large","max-video-preview":"max-video-preview:-1"},"canonical":"https:\/\/vanterm.com\/tr\/uygulamalar\/","twitter_misc":{"Tahmini okuma s\u00fcresi":"1 dakika"},"schema":{"@context":"https:\/\/schema.org","@graph":[{"@type":"WebPage","@id":"https:\/\/vanterm.com\/tr\/uygulamalar\/","url":"https:\/\/vanterm.com\/tr\/uygulamalar\/","name":"Uygulamalar - End\u00fcstride Uygulanm\u0131\u015f \u00c7\u00f6z\u00fcmler | Vanterm","isPartOf":{"@id":"https:\/\/vanterm.com\/tr\/#website"},"datePublished":"2019-10-23T18:10:48+00:00","dateModified":"2021-11-25T15:55:44+00:00","description":"Kaynak duman\u0131 filtrasyonu, Lazer & Plazma kesim, Z\u0131mpara & Ta\u015flama i\u015flemleri, \u00c7e\u015fitli kuru toz, Ram Bacalar\u0131 & Koku Filtrasyonu ve di\u011fer uygulamalar.","breadcrumb":{"@id":"https:\/\/vanterm.com\/tr\/uygulamalar\/#breadcrumb"},"inLanguage":"tr","potentialAction":[{"@type":"ReadAction","target":["https:\/\/vanterm.com\/tr\/uygulamalar\/"]}]},{"@type":"BreadcrumbList","@id":"https:\/\/vanterm.com\/tr\/uygulamalar\/#breadcrumb","itemListElement":[{"@type":"ListItem","position":1,"name":"Home","item":"https:\/\/vanterm.com\/tr\/"},{"@type":"ListItem","position":2,"name":"Uygulamalar"}]},{"@type":"WebSite","@id":"https:\/\/vanterm.com\/tr\/#website","url":"https:\/\/vanterm.com\/tr\/","name":"Vanterm","description":"Passion for excellence in clean air solutions","publisher":{"@id":"https:\/\/vanterm.com\/tr\/#organization"},"potentialAction":[{"@type":"SearchAction","target":{"@type":"EntryPoint","urlTemplate":"https:\/\/vanterm.com\/tr\/?s={search_term_string}"},"query-input":"required name=search_term_string"}],"inLanguage":"tr"},{"@type":"Organization","@id":"https:\/\/vanterm.com\/tr\/#organization","name":"Vanterm","url":"https:\/\/vanterm.com\/tr\/","logo":{"@type":"ImageObject","inLanguage":"tr","@id":"https:\/\/vanterm.com\/tr\/#\/schema\/logo\/image\/","url":"https:\/\/vanterm.com\/wp-content\/uploads\/2019\/11\/VANTERM_logo.png","contentUrl":"https:\/\/vanterm.com\/wp-content\/uploads\/2019\/11\/VANTERM_logo.png","width":250,"height":70,"caption":"Vanterm"},"image":{"@id":"https:\/\/vanterm.com\/tr\/#\/schema\/logo\/image\/"}}]}},"_links":{"self":[{"href":"https:\/\/vanterm.com\/tr\/wp-json\/wp\/v2\/pages\/13699"}],"collection":[{"href":"https:\/\/vanterm.com\/tr\/wp-json\/wp\/v2\/pages"}],"about":[{"href":"https:\/\/vanterm.com\/tr\/wp-json\/wp\/v2\/types\/page"}],"author":[{"embeddable":true,"href":"https:\/\/vanterm.com\/tr\/wp-json\/wp\/v2\/users\/1"}],"replies":[{"embeddable":true,"href":"https:\/\/vanterm.com\/tr\/wp-json\/wp\/v2\/comments?post=13699"}],"version-history":[{"count":0,"href":"https:\/\/vanterm.com\/tr\/wp-json\/wp\/v2\/pages\/13699\/revisions"}],"wp:attachment":[{"href":"https:\/\/vanterm.com\/tr\/wp-json\/wp\/v2\/media?parent=13699"}],"curies":[{"name":"wp","href":"https:\/\/api.w.org\/{rel}","templated":true}]}}