{"id":13714,"date":"2019-10-23T18:13:01","date_gmt":"2019-10-23T18:13:01","guid":{"rendered":"https:\/\/vanterm.com\/?page_id=13714"},"modified":"2019-10-23T18:13:01","modified_gmt":"2019-10-23T18:13:01","slug":"bilgi-merkezi","status":"publish","type":"page","link":"https:\/\/vanterm.com\/tr\/bilgi-merkezi\/","title":{"rendered":"Bilgi Merkezi"},"content":{"rendered":"<section class=\"wpb-content-wrapper\"><p>[vc_row cspt-bg-color=&#8221;white&#8221; cspt-responsive-css=&#8221;38655789|colbreak_no|||||||||colbreak_no|||||||||colbreak_no|||||30|||||colbreak_no|||||||||&#8221; css=&#8221;.vc_custom_1571210322187{margin-bottom: 0px !important;padding-top: 50px !important;padding-bottom: 0px !important;}&#8221;][vc_column]<div  class=\"creativesplanet-element creativesplanet-element-blog cspt-element-blog-style-1 creativesplanet-element-viewtype-row-column cspt-sortable-no\" data-show=\"12\" data-columns=\"3\" data-loop=\"false\" data-autoplay=\"false\" data-center=\"false\" data-nav=\"false\" data-dots=\"false\" data-autoplayspeed=\"1000\" data-margin=\"\"><div class=\"creativesplanet-element-inner\"><div class=\"cspt-ele-header-area\"><\/div><div class=\"cspt-element-posts-wrapper row multi-columns-row\"><div class=\"cspt-ele cspt-blog-ele col-md-4 haberler\"><article class=\"creativesplanet-ele creativesplanet-ele-blog cspt-blogbox-style-1 post-14528 post type-post status-publish format-standard has-post-thumbnail hentry category-haberler tag-esnek-emis-kollari tag-kanopi-davlumbaz tag-vortex-filtrasyon\">\r\n\t<div class=\"post-item\">\r\n\t\t<div class=\"cspt-featured-container\">\r\n\t\t\t<div class=\"cspt-featured-wrapper\"><a href=\"https:\/\/vanterm.com\/tr\/uretim-alanlarinda-vortex-filtrasyon-uygulamasi\/\"><img decoding=\"async\" width=\"770\" height=\"500\" src=\"https:\/\/vanterm.com\/wp-content\/uploads\/2020\/03\/vortex-filtration-in-production-halls-1-770x500.jpg\" class=\"attachment-cspt-img-770x500 size-cspt-img-770x500 wp-post-image\" alt=\"\" data-id=\"14535\" \/><\/a><\/div>\t\t\t<div class=\"cspt-meta-link\">\r\n\t\t\t\t\t<a href=\"https:\/\/vanterm.com\/tr\/uretim-alanlarinda-vortex-filtrasyon-uygulamasi\/\"><i class=\"cspt-base-icon-link\"><\/i><\/a>\r\n\t\t\t\t<\/div>\r\n\t\t\t<div class=\"cspt-meta-category\"><a href=\"https:\/\/vanterm.com\/tr\/category\/haberler\/\" rel=\"category tag\">Haberler<\/a><\/div>\t\t\t\r\n\t\t<\/div>\r\n\t\t<div class=\"creativesplanet-box-content\">\t\r\n\t\t\t<div class=\"cspt-meta-container\">\r\n\t\t\t\t<div class=\"cspt-meta-date-wrapper cspt-meta-line\">\t\t\t\t\t\r\n\t\t\t\t\t<div class=\"cspt-meta-date\"><i class=\"cspt-base-icon-calendar-1\"><\/i> 23 Mar, 2020<\/div>\r\n\t\t\t\t<\/div>\r\n\t\t\t\t<div class=\"cspt-meta-date-wrapper cspt-meta-line\">\t\r\n\t\t\t\t\t<i class=\"cspt-base-icon-comment-empty\"><\/i> <span class=\"cspt-meta cspt-meta-comments\">0<\/span> Comment\r\n\t\t\t\t<\/div>\r\n\t\t\t\t\t\t\t\t\r\n\t\t\t\t\t\t\t<\/div>\r\n\t\t\t<h3 class=\"cspt-post-title\"><a href=\"https:\/\/vanterm.com\/tr\/uretim-alanlarinda-vortex-filtrasyon-uygulamasi\/\">\u00dcretim Alanlar\u0131nda Vortex Filtrasyon Uygulamas\u0131<\/a><\/h3>\r\n\t\t<\/div>\r\n\t<\/div>\r\n<\/article><\/div><div class=\"cspt-ele cspt-blog-ele col-md-4 guvenlik\"><article class=\"creativesplanet-ele creativesplanet-ele-blog cspt-blogbox-style-1 post-13778 post type-post status-publish format-standard has-post-thumbnail hentry category-guvenlik tag-filtrasyon tag-filtrasyon-cozumleri tag-filtrasyon-cozumu tag-filtre-unitesi tag-lazer-kesim-makinesi tag-plazma-kesim-makinesi tag-termal-kesme-makinesi\">\r\n\t<div class=\"post-item\">\r\n\t\t<div class=\"cspt-featured-container\">\r\n\t\t\t<div class=\"cspt-featured-wrapper\"><a href=\"https:\/\/vanterm.com\/tr\/toz-ve-duman-emisyonlari-acisindan-termal-kesme-makinelerinin-guvenlik-gereksinimleri\/\"><img decoding=\"async\" width=\"770\" height=\"500\" src=\"https:\/\/vanterm.com\/wp-content\/uploads\/2019\/01\/safety-requirements-of-thermal-cutting-machines-from-the-perspective-of-fumes-and-dust-1-770x500.jpg\" class=\"attachment-cspt-img-770x500 size-cspt-img-770x500 wp-post-image\" alt=\"\" data-id=\"13780\" \/><\/a><\/div>\t\t\t<div class=\"cspt-meta-link\">\r\n\t\t\t\t\t<a href=\"https:\/\/vanterm.com\/tr\/toz-ve-duman-emisyonlari-acisindan-termal-kesme-makinelerinin-guvenlik-gereksinimleri\/\"><i class=\"cspt-base-icon-link\"><\/i><\/a>\r\n\t\t\t\t<\/div>\r\n\t\t\t<div class=\"cspt-meta-category\"><a href=\"https:\/\/vanterm.com\/tr\/category\/guvenlik\/\" rel=\"category tag\">G\u00fcvenlik<\/a><\/div>\t\t\t\r\n\t\t<\/div>\r\n\t\t<div class=\"creativesplanet-box-content\">\t\r\n\t\t\t<div class=\"cspt-meta-container\">\r\n\t\t\t\t<div class=\"cspt-meta-date-wrapper cspt-meta-line\">\t\t\t\t\t\r\n\t\t\t\t\t<div class=\"cspt-meta-date\"><i class=\"cspt-base-icon-calendar-1\"><\/i> 23 Eki, 2019<\/div>\r\n\t\t\t\t<\/div>\r\n\t\t\t\t<div class=\"cspt-meta-date-wrapper cspt-meta-line\">\t\r\n\t\t\t\t\t<i class=\"cspt-base-icon-comment-empty\"><\/i> <span class=\"cspt-meta cspt-meta-comments\">0<\/span> Comment\r\n\t\t\t\t<\/div>\r\n\t\t\t\t\t\t\t\t\r\n\t\t\t\t\t\t\t<\/div>\r\n\t\t\t<h3 class=\"cspt-post-title\"><a href=\"https:\/\/vanterm.com\/tr\/toz-ve-duman-emisyonlari-acisindan-termal-kesme-makinelerinin-guvenlik-gereksinimleri\/\">Toz ve duman emisyonlar\u0131 a\u00e7\u0131s\u0131ndan Termal Kesme Makineleri&#8217;nin g\u00fcvenlik gereksinimleri<\/a><\/h3>\r\n\t\t<\/div>\r\n\t<\/div>\r\n<\/article><\/div><div class=\"cspt-ele cspt-blog-ele col-md-4 saglik\"><article class=\"creativesplanet-ele creativesplanet-ele-blog cspt-blogbox-style-1 post-13774 post type-post status-publish format-video has-post-thumbnail hentry category-saglik tag-kaynak tag-kaynak-atolyesi tag-kaynak-dumani tag-kaynak-dumaninin-zararlari post_format-post-format-video\">\r\n\t<div class=\"post-item\">\r\n\t\t<div class=\"cspt-featured-container\">\r\n\t\t\t<div class=\"cspt-featured-wrapper\"><iframe width=\"711\" height=\"400\" src=\"https:\/\/www.youtube.com\/embed\/3ApTLxIkdP4?feature=oembed\" frameborder=\"0\" allow=\"accelerometer; autoplay; clipboard-write; encrypted-media; gyroscope; picture-in-picture; web-share\" allowfullscreen><\/iframe><\/div>\t\t\t<div class=\"cspt-meta-link\">\r\n\t\t\t\t\t<a href=\"https:\/\/vanterm.com\/tr\/uretim-alaninda-kaynak-dumaninin-zararlari\/\"><i class=\"cspt-base-icon-link\"><\/i><\/a>\r\n\t\t\t\t<\/div>\r\n\t\t\t<div class=\"cspt-meta-category\"><a href=\"https:\/\/vanterm.com\/tr\/category\/saglik\/\" rel=\"category tag\">Sa\u011fl\u0131k<\/a><\/div>\t\t\t\r\n\t\t<\/div>\r\n\t\t<div class=\"creativesplanet-box-content\">\t\r\n\t\t\t<div class=\"cspt-meta-container\">\r\n\t\t\t\t<div class=\"cspt-meta-date-wrapper cspt-meta-line\">\t\t\t\t\t\r\n\t\t\t\t\t<div class=\"cspt-meta-date\"><i class=\"cspt-base-icon-calendar-1\"><\/i> 23 Eki, 2019<\/div>\r\n\t\t\t\t<\/div>\r\n\t\t\t\t<div class=\"cspt-meta-date-wrapper cspt-meta-line\">\t\r\n\t\t\t\t\t<i class=\"cspt-base-icon-comment-empty\"><\/i> <span class=\"cspt-meta cspt-meta-comments\">0<\/span> Comment\r\n\t\t\t\t<\/div>\r\n\t\t\t\t\t\t\t\t\r\n\t\t\t\t\t\t\t<\/div>\r\n\t\t\t<h3 class=\"cspt-post-title\"><a href=\"https:\/\/vanterm.com\/tr\/uretim-alaninda-kaynak-dumaninin-zararlari\/\">\u00dcretim alan\u0131nda kaynak duman\u0131n\u0131n zararlar\u0131<\/a><\/h3>\r\n\t\t<\/div>\r\n\t<\/div>\r\n<\/article><\/div><div class=\"cspt-ele cspt-blog-ele col-md-4 haberler\"><article class=\"creativesplanet-ele creativesplanet-ele-blog cspt-blogbox-style-1 post-13767 post type-post status-publish format-image has-post-thumbnail hentry category-haberler tag-fabtech-tr tag-fabtech-fuari tag-vanterm-fabtech-fuarinda post_format-post-format-image\">\r\n\t<div class=\"post-item\">\r\n\t\t<div class=\"cspt-featured-container\">\r\n\t\t\t<div class=\"cspt-featured-wrapper\"><a href=\"https:\/\/vanterm.com\/tr\/fabtech-chicagoda-standimizi-ziyaret-edin\/\"><img decoding=\"async\" width=\"770\" height=\"500\" src=\"https:\/\/vanterm.com\/wp-content\/uploads\/2019\/01\/FABTECH-2019-Chicago-2-770x500.jpg\" class=\"attachment-cspt-img-770x500 size-cspt-img-770x500 wp-post-image\" alt=\"\" data-id=\"13771\" \/><\/a><\/div>\t\t\t<div class=\"cspt-meta-link\">\r\n\t\t\t\t\t<a href=\"https:\/\/vanterm.com\/tr\/fabtech-chicagoda-standimizi-ziyaret-edin\/\"><i class=\"cspt-base-icon-link\"><\/i><\/a>\r\n\t\t\t\t<\/div>\r\n\t\t\t<div class=\"cspt-meta-category\"><a href=\"https:\/\/vanterm.com\/tr\/category\/haberler\/\" rel=\"category tag\">Haberler<\/a><\/div>\t\t\t\r\n\t\t<\/div>\r\n\t\t<div class=\"creativesplanet-box-content\">\t\r\n\t\t\t<div class=\"cspt-meta-container\">\r\n\t\t\t\t<div class=\"cspt-meta-date-wrapper cspt-meta-line\">\t\t\t\t\t\r\n\t\t\t\t\t<div class=\"cspt-meta-date\"><i class=\"cspt-base-icon-calendar-1\"><\/i> 23 Eki, 2019<\/div>\r\n\t\t\t\t<\/div>\r\n\t\t\t\t<div class=\"cspt-meta-date-wrapper cspt-meta-line\">\t\r\n\t\t\t\t\t<i class=\"cspt-base-icon-comment-empty\"><\/i> <span class=\"cspt-meta cspt-meta-comments\">0<\/span> Comment\r\n\t\t\t\t<\/div>\r\n\t\t\t\t\t\t\t\t\r\n\t\t\t\t\t\t\t<\/div>\r\n\t\t\t<h3 class=\"cspt-post-title\"><a href=\"https:\/\/vanterm.com\/tr\/fabtech-chicagoda-standimizi-ziyaret-edin\/\">Fabtech &#8211; Chicago&#8217;da stand\u0131m\u0131z\u0131 ziyaret edin!<\/a><\/h3>\r\n\t\t<\/div>\r\n\t<\/div>\r\n<\/article><\/div><div class=\"cspt-ele cspt-blog-ele col-md-4 haberler\"><article class=\"creativesplanet-ele creativesplanet-ele-blog cspt-blogbox-style-1 post-13763 post type-post status-publish format-standard has-post-thumbnail hentry category-haberler tag-enerji-tasarrufu tag-isi-enerjisi tag-isi-enerjisi-geri-kazanim tag-ram-makinasi tag-ram-tezgah-enerji-tasarrufu tag-ram-tezgahlar\">\r\n\t<div class=\"post-item\">\r\n\t\t<div class=\"cspt-featured-container\">\r\n\t\t\t<div class=\"cspt-featured-wrapper\"><a href=\"https:\/\/vanterm.com\/tr\/tekstil-sanayinde-ram-tezgahlar-icin-enerji-tasarrufu\/\"><img decoding=\"async\" width=\"770\" height=\"500\" src=\"https:\/\/vanterm.com\/wp-content\/uploads\/2019\/10\/ENERGY-SAVING-OPPORTUNITIES-FOR-STENTER-FRAMES-770x500.jpg\" class=\"attachment-cspt-img-770x500 size-cspt-img-770x500 wp-post-image\" alt=\"\" data-id=\"13766\" \/><\/a><\/div>\t\t\t<div class=\"cspt-meta-link\">\r\n\t\t\t\t\t<a href=\"https:\/\/vanterm.com\/tr\/tekstil-sanayinde-ram-tezgahlar-icin-enerji-tasarrufu\/\"><i class=\"cspt-base-icon-link\"><\/i><\/a>\r\n\t\t\t\t<\/div>\r\n\t\t\t<div class=\"cspt-meta-category\"><a href=\"https:\/\/vanterm.com\/tr\/category\/haberler\/\" rel=\"category tag\">Haberler<\/a><\/div>\t\t\t\r\n\t\t<\/div>\r\n\t\t<div class=\"creativesplanet-box-content\">\t\r\n\t\t\t<div class=\"cspt-meta-container\">\r\n\t\t\t\t<div class=\"cspt-meta-date-wrapper cspt-meta-line\">\t\t\t\t\t\r\n\t\t\t\t\t<div class=\"cspt-meta-date\"><i class=\"cspt-base-icon-calendar-1\"><\/i> 23 Eki, 2019<\/div>\r\n\t\t\t\t<\/div>\r\n\t\t\t\t<div class=\"cspt-meta-date-wrapper cspt-meta-line\">\t\r\n\t\t\t\t\t<i class=\"cspt-base-icon-comment-empty\"><\/i> <span class=\"cspt-meta cspt-meta-comments\">0<\/span> Comment\r\n\t\t\t\t<\/div>\r\n\t\t\t\t\t\t\t\t\r\n\t\t\t\t\t\t\t<\/div>\r\n\t\t\t<h3 class=\"cspt-post-title\"><a href=\"https:\/\/vanterm.com\/tr\/tekstil-sanayinde-ram-tezgahlar-icin-enerji-tasarrufu\/\">Tekstil sanayinde RAM Tezgahlar i\u00e7in enerji tasarrufu<\/a><\/h3>\r\n\t\t<\/div>\r\n\t<\/div>\r\n<\/article><\/div><div class=\"cspt-ele cspt-blog-ele col-md-4 haberler\"><article class=\"creativesplanet-ele creativesplanet-ele-blog cspt-blogbox-style-1 post-13756 post type-post status-publish format-standard has-post-thumbnail hentry category-haberler tag-esnek-emis-kollari tag-filtrasyon tag-havalandirma\">\r\n\t<div class=\"post-item\">\r\n\t\t<div class=\"cspt-featured-container\">\r\n\t\t\t<div class=\"cspt-featured-wrapper\"><a href=\"https:\/\/vanterm.com\/tr\/kaynakhane-uygulamalari-icin-kullanilan-iki-farkli-tip-esnek-emis-kolunun-karsilastirilmasi\/\"><img decoding=\"async\" width=\"770\" height=\"500\" src=\"https:\/\/vanterm.com\/wp-content\/uploads\/2019\/10\/A-COMPARISON-OF-TWO-MAIN-TYPE-EXTRACTION-ARMS-2-2-770x500.jpg\" class=\"attachment-cspt-img-770x500 size-cspt-img-770x500 wp-post-image\" alt=\"\" data-id=\"14450\" \/><\/a><\/div>\t\t\t<div class=\"cspt-meta-link\">\r\n\t\t\t\t\t<a href=\"https:\/\/vanterm.com\/tr\/kaynakhane-uygulamalari-icin-kullanilan-iki-farkli-tip-esnek-emis-kolunun-karsilastirilmasi\/\"><i class=\"cspt-base-icon-link\"><\/i><\/a>\r\n\t\t\t\t<\/div>\r\n\t\t\t<div class=\"cspt-meta-category\"><a href=\"https:\/\/vanterm.com\/tr\/category\/haberler\/\" rel=\"category tag\">Haberler<\/a><\/div>\t\t\t\r\n\t\t<\/div>\r\n\t\t<div class=\"creativesplanet-box-content\">\t\r\n\t\t\t<div class=\"cspt-meta-container\">\r\n\t\t\t\t<div class=\"cspt-meta-date-wrapper cspt-meta-line\">\t\t\t\t\t\r\n\t\t\t\t\t<div class=\"cspt-meta-date\"><i class=\"cspt-base-icon-calendar-1\"><\/i> 23 Eki, 2019<\/div>\r\n\t\t\t\t<\/div>\r\n\t\t\t\t<div class=\"cspt-meta-date-wrapper cspt-meta-line\">\t\r\n\t\t\t\t\t<i class=\"cspt-base-icon-comment-empty\"><\/i> <span class=\"cspt-meta cspt-meta-comments\">0<\/span> Comment\r\n\t\t\t\t<\/div>\r\n\t\t\t\t\t\t\t\t\r\n\t\t\t\t\t\t\t<\/div>\r\n\t\t\t<h3 class=\"cspt-post-title\"><a href=\"https:\/\/vanterm.com\/tr\/kaynakhane-uygulamalari-icin-kullanilan-iki-farkli-tip-esnek-emis-kolunun-karsilastirilmasi\/\">Kaynakhane uygulamalar\u0131 i\u00e7in kullan\u0131lan iki farkl\u0131 tip Esnek Emi\u015f Kolunun kar\u015f\u0131la\u015ft\u0131r\u0131lmas\u0131<\/a><\/h3>\r\n\t\t<\/div>\r\n\t<\/div>\r\n<\/article><\/div><\/div><\/div><!-- .creativesplanet-element-inner -->   <\/div><!-- .creativesplanet-element -->  [\/vc_column][\/vc_row]<\/p>\n<\/section>","protected":false},"excerpt":{"rendered":"<p>[vc_row cspt-bg-color=&#8221;white&#8221; cspt-responsive-css=&#8221;38655789|colbreak_no|||||||||colbreak_no|||||||||colbreak_no|||||30|||||colbreak_no|||||||||&#8221; css=&#8221;.vc_custom_1571210322187{margin-bottom: 0px !important;padding-top: 50px !important;padding-bottom: 0px !important;}&#8221;][vc_column][\/vc_column][\/vc_row]<\/p>\n","protected":false},"author":1,"featured_media":0,"parent":0,"menu_order":18,"comment_status":"closed","ping_status":"closed","template":"","meta":{"_acf_changed":false,"footnotes":""},"acf":[],"yoast_head":"<!-- This site is optimized with the Yoast SEO plugin v23.1 - https:\/\/yoast.com\/wordpress\/plugins\/seo\/ -->\n<title>Bilgi Merkezi | Vanterm<\/title>\n<meta name=\"robots\" content=\"index, follow, max-snippet:-1, max-image-preview:large, max-video-preview:-1\" \/>\n<link rel=\"canonical\" href=\"https:\/\/vanterm.com\/tr\/bilgi-merkezi\/\" \/>\n<script type=\"application\/ld+json\" class=\"yoast-schema-graph\">{\"@context\":\"https:\/\/schema.org\",\"@graph\":[{\"@type\":\"WebPage\",\"@id\":\"https:\/\/vanterm.com\/tr\/bilgi-merkezi\/\",\"url\":\"https:\/\/vanterm.com\/tr\/bilgi-merkezi\/\",\"name\":\"Bilgi Merkezi | Vanterm\",\"isPartOf\":{\"@id\":\"https:\/\/vanterm.com\/tr\/#website\"},\"datePublished\":\"2019-10-23T18:13:01+00:00\",\"dateModified\":\"2019-10-23T18:13:01+00:00\",\"breadcrumb\":{\"@id\":\"https:\/\/vanterm.com\/tr\/bilgi-merkezi\/#breadcrumb\"},\"inLanguage\":\"tr\",\"potentialAction\":[{\"@type\":\"ReadAction\",\"target\":[\"https:\/\/vanterm.com\/tr\/bilgi-merkezi\/\"]}]},{\"@type\":\"BreadcrumbList\",\"@id\":\"https:\/\/vanterm.com\/tr\/bilgi-merkezi\/#breadcrumb\",\"itemListElement\":[{\"@type\":\"ListItem\",\"position\":1,\"name\":\"Home\",\"item\":\"https:\/\/vanterm.com\/tr\/\"},{\"@type\":\"ListItem\",\"position\":2,\"name\":\"Bilgi Merkezi\"}]},{\"@type\":\"WebSite\",\"@id\":\"https:\/\/vanterm.com\/tr\/#website\",\"url\":\"https:\/\/vanterm.com\/tr\/\",\"name\":\"Vanterm\",\"description\":\"Passion for excellence in clean air solutions\",\"publisher\":{\"@id\":\"https:\/\/vanterm.com\/tr\/#organization\"},\"potentialAction\":[{\"@type\":\"SearchAction\",\"target\":{\"@type\":\"EntryPoint\",\"urlTemplate\":\"https:\/\/vanterm.com\/tr\/?s={search_term_string}\"},\"query-input\":\"required name=search_term_string\"}],\"inLanguage\":\"tr\"},{\"@type\":\"Organization\",\"@id\":\"https:\/\/vanterm.com\/tr\/#organization\",\"name\":\"Vanterm\",\"url\":\"https:\/\/vanterm.com\/tr\/\",\"logo\":{\"@type\":\"ImageObject\",\"inLanguage\":\"tr\",\"@id\":\"https:\/\/vanterm.com\/tr\/#\/schema\/logo\/image\/\",\"url\":\"https:\/\/vanterm.com\/wp-content\/uploads\/2019\/11\/VANTERM_logo.png\",\"contentUrl\":\"https:\/\/vanterm.com\/wp-content\/uploads\/2019\/11\/VANTERM_logo.png\",\"width\":250,\"height\":70,\"caption\":\"Vanterm\"},\"image\":{\"@id\":\"https:\/\/vanterm.com\/tr\/#\/schema\/logo\/image\/\"}}]}<\/script>\n<!-- \/ Yoast SEO plugin. -->","yoast_head_json":{"title":"Bilgi Merkezi | Vanterm","robots":{"index":"index","follow":"follow","max-snippet":"max-snippet:-1","max-image-preview":"max-image-preview:large","max-video-preview":"max-video-preview:-1"},"canonical":"https:\/\/vanterm.com\/tr\/bilgi-merkezi\/","schema":{"@context":"https:\/\/schema.org","@graph":[{"@type":"WebPage","@id":"https:\/\/vanterm.com\/tr\/bilgi-merkezi\/","url":"https:\/\/vanterm.com\/tr\/bilgi-merkezi\/","name":"Bilgi Merkezi | Vanterm","isPartOf":{"@id":"https:\/\/vanterm.com\/tr\/#website"},"datePublished":"2019-10-23T18:13:01+00:00","dateModified":"2019-10-23T18:13:01+00:00","breadcrumb":{"@id":"https:\/\/vanterm.com\/tr\/bilgi-merkezi\/#breadcrumb"},"inLanguage":"tr","potentialAction":[{"@type":"ReadAction","target":["https:\/\/vanterm.com\/tr\/bilgi-merkezi\/"]}]},{"@type":"BreadcrumbList","@id":"https:\/\/vanterm.com\/tr\/bilgi-merkezi\/#breadcrumb","itemListElement":[{"@type":"ListItem","position":1,"name":"Home","item":"https:\/\/vanterm.com\/tr\/"},{"@type":"ListItem","position":2,"name":"Bilgi Merkezi"}]},{"@type":"WebSite","@id":"https:\/\/vanterm.com\/tr\/#website","url":"https:\/\/vanterm.com\/tr\/","name":"Vanterm","description":"Passion for excellence in clean air solutions","publisher":{"@id":"https:\/\/vanterm.com\/tr\/#organization"},"potentialAction":[{"@type":"SearchAction","target":{"@type":"EntryPoint","urlTemplate":"https:\/\/vanterm.com\/tr\/?s={search_term_string}"},"query-input":"required name=search_term_string"}],"inLanguage":"tr"},{"@type":"Organization","@id":"https:\/\/vanterm.com\/tr\/#organization","name":"Vanterm","url":"https:\/\/vanterm.com\/tr\/","logo":{"@type":"ImageObject","inLanguage":"tr","@id":"https:\/\/vanterm.com\/tr\/#\/schema\/logo\/image\/","url":"https:\/\/vanterm.com\/wp-content\/uploads\/2019\/11\/VANTERM_logo.png","contentUrl":"https:\/\/vanterm.com\/wp-content\/uploads\/2019\/11\/VANTERM_logo.png","width":250,"height":70,"caption":"Vanterm"},"image":{"@id":"https:\/\/vanterm.com\/tr\/#\/schema\/logo\/image\/"}}]}},"_links":{"self":[{"href":"https:\/\/vanterm.com\/tr\/wp-json\/wp\/v2\/pages\/13714"}],"collection":[{"href":"https:\/\/vanterm.com\/tr\/wp-json\/wp\/v2\/pages"}],"about":[{"href":"https:\/\/vanterm.com\/tr\/wp-json\/wp\/v2\/types\/page"}],"author":[{"embeddable":true,"href":"https:\/\/vanterm.com\/tr\/wp-json\/wp\/v2\/users\/1"}],"replies":[{"embeddable":true,"href":"https:\/\/vanterm.com\/tr\/wp-json\/wp\/v2\/comments?post=13714"}],"version-history":[{"count":0,"href":"https:\/\/vanterm.com\/tr\/wp-json\/wp\/v2\/pages\/13714\/revisions"}],"wp:attachment":[{"href":"https:\/\/vanterm.com\/tr\/wp-json\/wp\/v2\/media?parent=13714"}],"curies":[{"name":"wp","href":"https:\/\/api.w.org\/{rel}","templated":true}]}}