{"id":14227,"date":"2019-11-03T10:33:34","date_gmt":"2019-11-03T10:33:34","guid":{"rendered":"https:\/\/vanterm.com\/?page_id=14227"},"modified":"2021-01-13T19:56:03","modified_gmt":"2021-01-13T19:56:03","slug":"gizlilik-bildirimi","status":"publish","type":"page","link":"https:\/\/vanterm.com\/tr\/gizlilik-bildirimi\/","title":{"rendered":"Gizlilik Bildirimi"},"content":{"rendered":"<section class=\"wpb-content-wrapper\"><p>[vc_row css=&#8221;.vc_custom_1610567752611{padding-top: 70px !important;padding-bottom: 30px !important;}&#8221;][vc_column][vc_column_text]<\/p>\r\n<p><strong>Toplad\u0131\u011f\u0131m\u0131z bilgiler hakk\u0131nda<\/strong><\/p>\r\n<p>Hakk\u0131n\u0131zdaki bilgilerin nas\u0131l kullan\u0131ld\u0131\u011f\u0131n\u0131 ve payla\u015f\u0131ld\u0131\u011f\u0131n\u0131 \u00f6nemsedi\u011finizi biliyoruz. Ki\u015fisel verilerin korunmas\u0131, Vanterm Anonim \u015eirketi\u2019nin (\u201cVanterm\u201d) en \u00f6nemli \u00f6ncelikleri aras\u0131nda olup, bu hususta y\u00fcr\u00fcrl\u00fckte bulunan t\u00fcm mevzuata uygun davranmak i\u00e7in azami gayret g\u00f6stermektedir.<\/p>\r\n<p>Bu Gizlilik Bildirimi, ki\u015fisel bilgilerinizi i\u015fbu Gizlilik Bildirimi\u2019ne at\u0131f yapan Vanterm internet sitesi, \u00fcr\u00fcnleri, hizmetleri ve uygulamalar\u0131 (hep birlikte \u201cVanterm Hizmetleri\u201d olarak an\u0131lacakt\u0131r) arac\u0131l\u0131\u011f\u0131 ile nas\u0131l toplad\u0131\u011f\u0131m\u0131z\u0131 ve i\u015fledi\u011fimizi aktarmaktad\u0131r. Vanterm.com\u2019u ziyaret ederek i\u015fbu Gizlilik Bildirimi\u2019nde belirtilen uygulamalar\u0131 kabul etmekte ve onaylamaktas\u0131n\u0131z.<\/p>\r\n<p>Vanterm, ileti\u015fim verilerinizi ve ki\u015fisel bilgilerinizi, \u015firketimizin pazarlama faaliyetlerinde kullanmak amac\u0131yla toplar ve saklar. Sitemize kaydoldu\u011funuzda veya bir form doldururken payla\u015fm\u0131\u015f oldu\u011funuz \u015fekilde isminiz, temsil etti\u011finiz firma ad\u0131 ve e-posta adres bilgileriniz toplanmaktad\u0131r. Vanterm \u00fcr\u00fcn\u00fcn\u00fcz\u00fc kaydederken, sa\u011flad\u0131\u011f\u0131n\u0131z bilgiler de benzer \u015fekilde toplanmaktad\u0131r. \u00d6zetle, sitemize kaydolurken, payla\u015ft\u0131\u011f\u0131n\u0131z posta adresiniz, telefon numaran\u0131z ve g\u00f6n\u00fcll\u00fc olarak g\u00f6nderilen di\u011fer bilgiler kaydedilir.<\/p>\r\n<p>Vanterm, verilerinizi yeni \u00fcr\u00fcnler, b\u00fcltenler ve fuar duyurular\u0131 hakk\u0131nda bilgi sa\u011flamak i\u00e7in kullan\u0131r. Toplad\u0131\u011f\u0131m\u0131z bilgiler sadece ad\u0131n\u0131z, e-posta adresiniz, telefon numaran\u0131z, temsil etti\u011finiz \u015firketiniz adresi ve bize iletti\u011finiz mesaj\u0131n i\u00e7eri\u011fini kapsamaktad\u0131r.<\/p>\r\n<p><strong>Bilgilerinizi payla\u015fm\u0131yoruz!<\/strong><\/p>\r\n<p>Bir m\u00fc\u015fteri olarak, ileti\u015fim bilgilerinizi asla \u00fc\u00e7\u00fcnc\u00fc taraflara aktarmay\u0131z. Benzer \u015fekilde ki\u015fisel verileriniz de kesinlikle Vanterm haricinde \u00fc\u00e7\u00fcnc\u00fc taraflarla payla\u015f\u0131lmayacakt\u0131r.<\/p>\r\n<p><strong>Verilerinizi i\u015fleme bi\u00e7imimiz<\/strong><\/p>\r\n<p>Verilerinizle ilgili i\u015flemlerimiz, ba\u015fta 6698 say\u0131l\u0131 Ki\u015fisel Verilerin Korunmas\u0131 Kanunu (\u201cKVK Kanunu\u201d) olmak \u00fczere tabi oldu\u011fumuz mevzuata uygun \u015fekilde ger\u00e7ekle\u015ftirilmektedir.<\/p>\r\n<p><strong>VANTERM web sitesinde \u201c\u00c7erezler\u201d Ve \u201cGoogle analytics\u201d kullanmaktad\u0131r<\/strong><\/p>\r\n<p><strong>\u00c7erez nedir?<\/strong><\/p>\r\n<p>Sitemizde \u00e7e\u015fitli ama\u00e7larla \u00e7erezler kullanmakta ve bu \u00e7erezler vas\u0131tas\u0131yla ki\u015fisel verilerinizi i\u015flemekteyiz. Bu ama\u00e7lar ba\u015fl\u0131ca \u015funlard\u0131r:<\/p>\r\n<ul>\r\n<li>Site\u2019nin \u00e7al\u0131\u015fmas\u0131 i\u00e7in gerekli temel fonksiyonlar\u0131 ger\u00e7ekle\u015ftirmek.<\/li>\r\n<li>Site\u2019yi analiz etmek ve Site\u2019nin performans\u0131n\u0131 artt\u0131rmak. \u00d6rne\u011fin, Site\u2019nin \u00fczerinde \u00e7al\u0131\u015ft\u0131\u011f\u0131 farkl\u0131 sunucular\u0131n entegrasyonu, Site\u2019yi ziyaret edenlerin say\u0131s\u0131n\u0131n tespit edilmesi ve buna g\u00f6re performans ayarlar\u0131n\u0131n yap\u0131lmas\u0131 ya da ziyaret\u00e7ilerin arad\u0131klar\u0131n\u0131 bulmalar\u0131n\u0131n kolayla\u015ft\u0131r\u0131lmas\u0131.<\/li>\r\n<li>Site\u2019nin i\u015flevselli\u011fini artt\u0131rmak ve kullan\u0131m kolayl\u0131\u011f\u0131 sa\u011flamak<\/li>\r\n<\/ul>\r\n<p>\u00c7erezler, web sitesinin sayfalar\u0131yla g\u00f6nderilen ve taray\u0131c\u0131n\u0131z taraf\u0131ndan bilgisayar\u0131n\u0131z\u0131n sabit diskinde saklanan k\u00fc\u00e7\u00fck metin dosyalar\u0131d\u0131r.<\/p>\r\n<p><strong>Ne t\u00fcr \u00e7erezler kullan\u0131yoruz?<\/strong><\/p>\r\n<p>Vanterm iki t\u00fcr \u00e7erez kullanmaktad\u0131r: Oturum \u00e7erezleri (i\u015flevsel) ve Google Analytics (i\u015flevsiz) \u00e7erezler.<\/p>\r\n<p><strong>Oturum \u00c7erezleri<\/strong><\/p>\r\n<p>Oturum \u00e7erezleri i\u015flevsel \u00e7erezlerdir: Bu web sitesinin d\u00fczg\u00fcn \u00e7al\u0131\u015fmas\u0131 i\u00e7in gerekli olan \u00e7erezlerdir. Web taray\u0131c\u0131n\u0131z\u0131 kapatt\u0131\u011f\u0131n\u0131zda oturum \u00e7erezleri otomatik olarak kald\u0131r\u0131lacakt\u0131r.<\/p>\r\n<p><strong>Google Analytics \u00c7erezleri<\/strong><\/p>\r\n<p>Google Analytics \u00e7erezleri i\u015flevsel olmayan \u00e7erezlerdir &#8211; Bu web sitesinin d\u00fczg\u00fcn \u00e7al\u0131\u015fmas\u0131 i\u00e7in zorunlu de\u011fildir.<\/p>\r\n<p>ABD \u015firketi olan Google, \u00e7erezleri Google Analytics hizmetlerinin bir par\u00e7as\u0131 olarak yerle\u015ftirmektedir. Bu hizmeti, ziyaret\u00e7ilerin web sitemizi nas\u0131l kulland\u0131klar\u0131n\u0131 anonim olarak izlemek ve raporlamak i\u00e7in kullan\u0131yoruz. Google, bilgileri i\u015fleme koydu\u011fu durumlarda bu bilgileri \u00fc\u00e7\u00fcnc\u00fc taraflara verebilir. Bunun \u00fczerinde hi\u00e7bir etkimiz bulunmamaktad\u0131r. Google&#8217;\u0131n di\u011fer Google hizmetleri i\u00e7in verileri kullanmayaca\u011f\u0131n\u0131 garanti edemiyoruz.<\/p>\r\n<p>Google taraf\u0131ndan toplanan veriler m\u00fcmk\u00fcn oldu\u011funca anonim hale getirilir. Veriler, Google taraf\u0131ndan Amerika Birle\u015fik Devletleri&#8217;ndeki sunuculara aktar\u0131lmakta ve saklanmaktad\u0131r. Google, Amerikan Ticaret Bakanl\u0131\u011f\u0131&#8217;n\u0131n Safe Harbor program\u0131na kat\u0131lm\u0131\u015f ve Safe Harbor ilkelerine uymay\u0131 taahh\u00fct etmektedir. Bu, ki\u015fisel verilerin i\u015flenmesinin korunakl\u0131 olaca\u011f\u0131 anlam\u0131na gelmektedir.<\/p>\r\n<!-- \/wp:paragraph -->\r\n<p>&nbsp;<\/p>\r\n<!-- wp:heading --><!-- \/wp:heading -->\r\n<p>[\/vc_column_text][\/vc_column][\/vc_row]<\/p><\/section>","protected":false},"excerpt":{"rendered":"<p>[vc_row css=&#8221;.vc_custom_1610567752611{padding-top: 70px !important;padding-bottom: 30px !important;}&#8221;][vc_column][vc_column_text] Toplad\u0131\u011f\u0131m\u0131z bilgiler hakk\u0131nda Hakk\u0131n\u0131zdaki bilgilerin nas\u0131l kullan\u0131ld\u0131\u011f\u0131n\u0131 ve payla\u015f\u0131ld\u0131\u011f\u0131n\u0131 \u00f6nemsedi\u011finizi biliyoruz. Ki\u015fisel verilerin korunmas\u0131, Vanterm Anonim \u015eirketi\u2019nin (\u201cVanterm\u201d) en \u00f6nemli \u00f6ncelikleri aras\u0131nda olup, bu hususta y\u00fcr\u00fcrl\u00fckte bulunan t\u00fcm mevzuata uygun davranmak i\u00e7in azami gayret g\u00f6stermektedir. Bu Gizlilik Bildirimi, ki\u015fisel bilgilerinizi i\u015fbu Gizlilik Bildirimi\u2019ne at\u0131f yapan Vanterm internet sitesi, \u00fcr\u00fcnleri, [&hellip;]<\/p>\n","protected":false},"author":1,"featured_media":0,"parent":0,"menu_order":0,"comment_status":"closed","ping_status":"closed","template":"","meta":{"_acf_changed":false,"footnotes":""},"acf":[],"yoast_head":"<!-- This site is optimized with the Yoast SEO plugin v23.1 - https:\/\/yoast.com\/wordpress\/plugins\/seo\/ -->\n<title>Gizlilik Bildirimi | Vanterm<\/title>\n<meta name=\"description\" content=\"Ki\u015fisel verilerin korunmas\u0131, Vanterm Anonim \u015eirketi\u2019nin (\u201cVanterm\u201d) en \u00f6nemli \u00f6ncelikleri aras\u0131nda olup, bu hususta azami gayret g\u00f6stermektedir.\" \/>\n<meta name=\"robots\" content=\"noindex, follow\" \/>\n<meta name=\"twitter:label1\" content=\"Tahmini okuma s\u00fcresi\" \/>\n\t<meta name=\"twitter:data1\" content=\"3 dakika\" \/>\n<script type=\"application\/ld+json\" class=\"yoast-schema-graph\">{\"@context\":\"https:\/\/schema.org\",\"@graph\":[{\"@type\":\"WebPage\",\"@id\":\"https:\/\/vanterm.com\/tr\/gizlilik-bildirimi\/\",\"url\":\"https:\/\/vanterm.com\/tr\/gizlilik-bildirimi\/\",\"name\":\"Gizlilik Bildirimi | Vanterm\",\"isPartOf\":{\"@id\":\"https:\/\/vanterm.com\/tr\/#website\"},\"datePublished\":\"2019-11-03T10:33:34+00:00\",\"dateModified\":\"2021-01-13T19:56:03+00:00\",\"description\":\"Ki\u015fisel verilerin korunmas\u0131, Vanterm Anonim \u015eirketi\u2019nin (\u201cVanterm\u201d) en \u00f6nemli \u00f6ncelikleri aras\u0131nda olup, bu hususta azami gayret g\u00f6stermektedir.\",\"breadcrumb\":{\"@id\":\"https:\/\/vanterm.com\/tr\/gizlilik-bildirimi\/#breadcrumb\"},\"inLanguage\":\"tr\",\"potentialAction\":[{\"@type\":\"ReadAction\",\"target\":[\"https:\/\/vanterm.com\/tr\/gizlilik-bildirimi\/\"]}]},{\"@type\":\"BreadcrumbList\",\"@id\":\"https:\/\/vanterm.com\/tr\/gizlilik-bildirimi\/#breadcrumb\",\"itemListElement\":[{\"@type\":\"ListItem\",\"position\":1,\"name\":\"Home\",\"item\":\"https:\/\/vanterm.com\/tr\/\"},{\"@type\":\"ListItem\",\"position\":2,\"name\":\"Gizlilik Bildirimi\"}]},{\"@type\":\"WebSite\",\"@id\":\"https:\/\/vanterm.com\/tr\/#website\",\"url\":\"https:\/\/vanterm.com\/tr\/\",\"name\":\"Vanterm\",\"description\":\"Passion for excellence in clean air solutions\",\"publisher\":{\"@id\":\"https:\/\/vanterm.com\/tr\/#organization\"},\"potentialAction\":[{\"@type\":\"SearchAction\",\"target\":{\"@type\":\"EntryPoint\",\"urlTemplate\":\"https:\/\/vanterm.com\/tr\/?s={search_term_string}\"},\"query-input\":\"required name=search_term_string\"}],\"inLanguage\":\"tr\"},{\"@type\":\"Organization\",\"@id\":\"https:\/\/vanterm.com\/tr\/#organization\",\"name\":\"Vanterm\",\"url\":\"https:\/\/vanterm.com\/tr\/\",\"logo\":{\"@type\":\"ImageObject\",\"inLanguage\":\"tr\",\"@id\":\"https:\/\/vanterm.com\/tr\/#\/schema\/logo\/image\/\",\"url\":\"https:\/\/vanterm.com\/wp-content\/uploads\/2019\/11\/VANTERM_logo.png\",\"contentUrl\":\"https:\/\/vanterm.com\/wp-content\/uploads\/2019\/11\/VANTERM_logo.png\",\"width\":250,\"height\":70,\"caption\":\"Vanterm\"},\"image\":{\"@id\":\"https:\/\/vanterm.com\/tr\/#\/schema\/logo\/image\/\"}}]}<\/script>\n<!-- \/ Yoast SEO plugin. -->","yoast_head_json":{"title":"Gizlilik Bildirimi | Vanterm","description":"Ki\u015fisel verilerin korunmas\u0131, Vanterm Anonim \u015eirketi\u2019nin (\u201cVanterm\u201d) en \u00f6nemli \u00f6ncelikleri aras\u0131nda olup, bu hususta azami gayret g\u00f6stermektedir.","robots":{"index":"noindex","follow":"follow"},"twitter_misc":{"Tahmini okuma s\u00fcresi":"3 dakika"},"schema":{"@context":"https:\/\/schema.org","@graph":[{"@type":"WebPage","@id":"https:\/\/vanterm.com\/tr\/gizlilik-bildirimi\/","url":"https:\/\/vanterm.com\/tr\/gizlilik-bildirimi\/","name":"Gizlilik Bildirimi | Vanterm","isPartOf":{"@id":"https:\/\/vanterm.com\/tr\/#website"},"datePublished":"2019-11-03T10:33:34+00:00","dateModified":"2021-01-13T19:56:03+00:00","description":"Ki\u015fisel verilerin korunmas\u0131, Vanterm Anonim \u015eirketi\u2019nin (\u201cVanterm\u201d) en \u00f6nemli \u00f6ncelikleri aras\u0131nda olup, bu hususta azami gayret g\u00f6stermektedir.","breadcrumb":{"@id":"https:\/\/vanterm.com\/tr\/gizlilik-bildirimi\/#breadcrumb"},"inLanguage":"tr","potentialAction":[{"@type":"ReadAction","target":["https:\/\/vanterm.com\/tr\/gizlilik-bildirimi\/"]}]},{"@type":"BreadcrumbList","@id":"https:\/\/vanterm.com\/tr\/gizlilik-bildirimi\/#breadcrumb","itemListElement":[{"@type":"ListItem","position":1,"name":"Home","item":"https:\/\/vanterm.com\/tr\/"},{"@type":"ListItem","position":2,"name":"Gizlilik Bildirimi"}]},{"@type":"WebSite","@id":"https:\/\/vanterm.com\/tr\/#website","url":"https:\/\/vanterm.com\/tr\/","name":"Vanterm","description":"Passion for excellence in clean air solutions","publisher":{"@id":"https:\/\/vanterm.com\/tr\/#organization"},"potentialAction":[{"@type":"SearchAction","target":{"@type":"EntryPoint","urlTemplate":"https:\/\/vanterm.com\/tr\/?s={search_term_string}"},"query-input":"required name=search_term_string"}],"inLanguage":"tr"},{"@type":"Organization","@id":"https:\/\/vanterm.com\/tr\/#organization","name":"Vanterm","url":"https:\/\/vanterm.com\/tr\/","logo":{"@type":"ImageObject","inLanguage":"tr","@id":"https:\/\/vanterm.com\/tr\/#\/schema\/logo\/image\/","url":"https:\/\/vanterm.com\/wp-content\/uploads\/2019\/11\/VANTERM_logo.png","contentUrl":"https:\/\/vanterm.com\/wp-content\/uploads\/2019\/11\/VANTERM_logo.png","width":250,"height":70,"caption":"Vanterm"},"image":{"@id":"https:\/\/vanterm.com\/tr\/#\/schema\/logo\/image\/"}}]}},"_links":{"self":[{"href":"https:\/\/vanterm.com\/tr\/wp-json\/wp\/v2\/pages\/14227"}],"collection":[{"href":"https:\/\/vanterm.com\/tr\/wp-json\/wp\/v2\/pages"}],"about":[{"href":"https:\/\/vanterm.com\/tr\/wp-json\/wp\/v2\/types\/page"}],"author":[{"embeddable":true,"href":"https:\/\/vanterm.com\/tr\/wp-json\/wp\/v2\/users\/1"}],"replies":[{"embeddable":true,"href":"https:\/\/vanterm.com\/tr\/wp-json\/wp\/v2\/comments?post=14227"}],"version-history":[{"count":0,"href":"https:\/\/vanterm.com\/tr\/wp-json\/wp\/v2\/pages\/14227\/revisions"}],"wp:attachment":[{"href":"https:\/\/vanterm.com\/tr\/wp-json\/wp\/v2\/media?parent=14227"}],"curies":[{"name":"wp","href":"https:\/\/api.w.org\/{rel}","templated":true}]}}