{"id":14631,"date":"2021-01-13T19:39:12","date_gmt":"2021-01-13T19:39:12","guid":{"rendered":"https:\/\/vanterm.com\/?page_id=14631"},"modified":"2021-01-13T19:48:04","modified_gmt":"2021-01-13T19:48:04","slug":"kisisel-verileri-koruma","status":"publish","type":"page","link":"https:\/\/vanterm.com\/tr\/kisisel-verileri-koruma\/","title":{"rendered":"Ki\u015fisel Verileri Koruma"},"content":{"rendered":"<section class=\"wpb-content-wrapper\"><p>[vc_row css=&#8221;.vc_custom_1610566824827{margin-top: 0px !important;padding-top: 0px !important;padding-bottom: 40px !important;}&#8221;][vc_column][vc_column_text]<\/p>\n<ul>\n<li><a href=\"\/KVKK\/kisisel-verilerin-korunmasi-ve-islenmesi-politikasi.pdf\"><strong>K\u0130\u015e\u0130SEL VER\u0130LER\u0130N KORUNMASI VE \u0130\u015eLENMES\u0130 POL\u0130T\u0130KASI<\/strong><\/a><\/li>\n<li><a href=\"\/KVKK\/kisisel-veri-imha-politikasi.pdf\"><strong>K\u0130\u015e\u0130SEL VER\u0130 \u0130MHA POL\u0130T\u0130KASI<\/strong><\/a><\/li>\n<li><a href=\"\/KVKK\/musteri-aydinlatma-metni.pdf\"><strong>M\u00dc\u015eTER\u0130 AYDINLATMA METN\u0130<\/strong><\/a><\/li>\n<li><a href=\"\/KVKK\/tedarikci-firma-aydinlatma-metni.pdf\"><strong>TEDAR\u0130K\u00c7\u0130 F\u0130RMA AYDINLATMA METN\u0130<\/strong><\/a><\/li>\n<li><a href=\"\/KVKK\/kamera-kayit-sistemleri-aydinlatma-metni.pdf\"><strong>KAMERA KAYIT S\u0130STEMLER\u0130 AYDINLATMA METN\u0130<\/strong><\/a><\/li>\n<li><a href=\"\/KVKK\/web-sitesi-gizlilik-ve-cerez-politikasi.pdf\"><strong>WEB S\u0130TES\u0130 G\u0130ZL\u0130L\u0130K VE \u00c7EREZ POL\u0130T\u0130KASI<\/strong><\/a><\/li>\n<li><a href=\"\/KVKK\/kvkk-uyarinca-basvuru-formu.pdf\"><strong>KVKK UYARINCA BA\u015eVURU FORMU<\/strong><\/a><\/li>\n<\/ul>\n<p>[\/vc_column_text][\/vc_column][\/vc_row]<\/p>\n<\/section>","protected":false},"excerpt":{"rendered":"<p>[vc_row css=&#8221;.vc_custom_1610566824827{margin-top: 0px !important;padding-top: 0px !important;padding-bottom: 40px !important;}&#8221;][vc_column][vc_column_text] K\u0130\u015e\u0130SEL VER\u0130LER\u0130N KORUNMASI VE \u0130\u015eLENMES\u0130 POL\u0130T\u0130KASI K\u0130\u015e\u0130SEL VER\u0130 \u0130MHA POL\u0130T\u0130KASI M\u00dc\u015eTER\u0130 AYDINLATMA METN\u0130 TEDAR\u0130K\u00c7\u0130 F\u0130RMA AYDINLATMA METN\u0130 KAMERA KAYIT S\u0130STEMLER\u0130 AYDINLATMA METN\u0130 WEB S\u0130TES\u0130 G\u0130ZL\u0130L\u0130K VE \u00c7EREZ POL\u0130T\u0130KASI KVKK UYARINCA BA\u015eVURU FORMU [\/vc_column_text][\/vc_column][\/vc_row]<\/p>\n","protected":false},"author":1,"featured_media":0,"parent":0,"menu_order":0,"comment_status":"closed","ping_status":"closed","template":"","meta":{"_acf_changed":false,"footnotes":""},"acf":[],"yoast_head":"<!-- This site is optimized with the Yoast SEO plugin v23.1 - https:\/\/yoast.com\/wordpress\/plugins\/seo\/ -->\n<title>Ki\u015fisel Verileri Koruma | Vanterm<\/title>\n<meta name=\"robots\" content=\"noindex, nofollow\" \/>\n<meta name=\"twitter:label1\" content=\"Tahmini okuma s\u00fcresi\" \/>\n\t<meta name=\"twitter:data1\" content=\"1 dakika\" \/>\n<script type=\"application\/ld+json\" class=\"yoast-schema-graph\">{\"@context\":\"https:\/\/schema.org\",\"@graph\":[{\"@type\":\"WebPage\",\"@id\":\"https:\/\/vanterm.com\/tr\/kisisel-verileri-koruma\/\",\"url\":\"https:\/\/vanterm.com\/tr\/kisisel-verileri-koruma\/\",\"name\":\"Ki\u015fisel Verileri Koruma | Vanterm\",\"isPartOf\":{\"@id\":\"https:\/\/vanterm.com\/tr\/#website\"},\"datePublished\":\"2021-01-13T19:39:12+00:00\",\"dateModified\":\"2021-01-13T19:48:04+00:00\",\"breadcrumb\":{\"@id\":\"https:\/\/vanterm.com\/tr\/kisisel-verileri-koruma\/#breadcrumb\"},\"inLanguage\":\"tr\",\"potentialAction\":[{\"@type\":\"ReadAction\",\"target\":[\"https:\/\/vanterm.com\/tr\/kisisel-verileri-koruma\/\"]}]},{\"@type\":\"BreadcrumbList\",\"@id\":\"https:\/\/vanterm.com\/tr\/kisisel-verileri-koruma\/#breadcrumb\",\"itemListElement\":[{\"@type\":\"ListItem\",\"position\":1,\"name\":\"Home\",\"item\":\"https:\/\/vanterm.com\/tr\/\"},{\"@type\":\"ListItem\",\"position\":2,\"name\":\"Ki\u015fisel Verileri Koruma\"}]},{\"@type\":\"WebSite\",\"@id\":\"https:\/\/vanterm.com\/tr\/#website\",\"url\":\"https:\/\/vanterm.com\/tr\/\",\"name\":\"Vanterm\",\"description\":\"Passion for excellence in clean air solutions\",\"publisher\":{\"@id\":\"https:\/\/vanterm.com\/tr\/#organization\"},\"potentialAction\":[{\"@type\":\"SearchAction\",\"target\":{\"@type\":\"EntryPoint\",\"urlTemplate\":\"https:\/\/vanterm.com\/tr\/?s={search_term_string}\"},\"query-input\":\"required name=search_term_string\"}],\"inLanguage\":\"tr\"},{\"@type\":\"Organization\",\"@id\":\"https:\/\/vanterm.com\/tr\/#organization\",\"name\":\"Vanterm\",\"url\":\"https:\/\/vanterm.com\/tr\/\",\"logo\":{\"@type\":\"ImageObject\",\"inLanguage\":\"tr\",\"@id\":\"https:\/\/vanterm.com\/tr\/#\/schema\/logo\/image\/\",\"url\":\"https:\/\/vanterm.com\/wp-content\/uploads\/2019\/11\/VANTERM_logo.png\",\"contentUrl\":\"https:\/\/vanterm.com\/wp-content\/uploads\/2019\/11\/VANTERM_logo.png\",\"width\":250,\"height\":70,\"caption\":\"Vanterm\"},\"image\":{\"@id\":\"https:\/\/vanterm.com\/tr\/#\/schema\/logo\/image\/\"}}]}<\/script>\n<!-- \/ Yoast SEO plugin. -->","yoast_head_json":{"title":"Ki\u015fisel Verileri Koruma | Vanterm","robots":{"index":"noindex","follow":"nofollow"},"twitter_misc":{"Tahmini okuma s\u00fcresi":"1 dakika"},"schema":{"@context":"https:\/\/schema.org","@graph":[{"@type":"WebPage","@id":"https:\/\/vanterm.com\/tr\/kisisel-verileri-koruma\/","url":"https:\/\/vanterm.com\/tr\/kisisel-verileri-koruma\/","name":"Ki\u015fisel Verileri Koruma | Vanterm","isPartOf":{"@id":"https:\/\/vanterm.com\/tr\/#website"},"datePublished":"2021-01-13T19:39:12+00:00","dateModified":"2021-01-13T19:48:04+00:00","breadcrumb":{"@id":"https:\/\/vanterm.com\/tr\/kisisel-verileri-koruma\/#breadcrumb"},"inLanguage":"tr","potentialAction":[{"@type":"ReadAction","target":["https:\/\/vanterm.com\/tr\/kisisel-verileri-koruma\/"]}]},{"@type":"BreadcrumbList","@id":"https:\/\/vanterm.com\/tr\/kisisel-verileri-koruma\/#breadcrumb","itemListElement":[{"@type":"ListItem","position":1,"name":"Home","item":"https:\/\/vanterm.com\/tr\/"},{"@type":"ListItem","position":2,"name":"Ki\u015fisel Verileri Koruma"}]},{"@type":"WebSite","@id":"https:\/\/vanterm.com\/tr\/#website","url":"https:\/\/vanterm.com\/tr\/","name":"Vanterm","description":"Passion for excellence in clean air solutions","publisher":{"@id":"https:\/\/vanterm.com\/tr\/#organization"},"potentialAction":[{"@type":"SearchAction","target":{"@type":"EntryPoint","urlTemplate":"https:\/\/vanterm.com\/tr\/?s={search_term_string}"},"query-input":"required name=search_term_string"}],"inLanguage":"tr"},{"@type":"Organization","@id":"https:\/\/vanterm.com\/tr\/#organization","name":"Vanterm","url":"https:\/\/vanterm.com\/tr\/","logo":{"@type":"ImageObject","inLanguage":"tr","@id":"https:\/\/vanterm.com\/tr\/#\/schema\/logo\/image\/","url":"https:\/\/vanterm.com\/wp-content\/uploads\/2019\/11\/VANTERM_logo.png","contentUrl":"https:\/\/vanterm.com\/wp-content\/uploads\/2019\/11\/VANTERM_logo.png","width":250,"height":70,"caption":"Vanterm"},"image":{"@id":"https:\/\/vanterm.com\/tr\/#\/schema\/logo\/image\/"}}]}},"_links":{"self":[{"href":"https:\/\/vanterm.com\/tr\/wp-json\/wp\/v2\/pages\/14631"}],"collection":[{"href":"https:\/\/vanterm.com\/tr\/wp-json\/wp\/v2\/pages"}],"about":[{"href":"https:\/\/vanterm.com\/tr\/wp-json\/wp\/v2\/types\/page"}],"author":[{"embeddable":true,"href":"https:\/\/vanterm.com\/tr\/wp-json\/wp\/v2\/users\/1"}],"replies":[{"embeddable":true,"href":"https:\/\/vanterm.com\/tr\/wp-json\/wp\/v2\/comments?post=14631"}],"version-history":[{"count":0,"href":"https:\/\/vanterm.com\/tr\/wp-json\/wp\/v2\/pages\/14631\/revisions"}],"wp:attachment":[{"href":"https:\/\/vanterm.com\/tr\/wp-json\/wp\/v2\/media?parent=14631"}],"curies":[{"name":"wp","href":"https:\/\/api.w.org\/{rel}","templated":true}]}}