{"id":14640,"date":"2021-01-13T19:58:49","date_gmt":"2021-01-13T19:58:49","guid":{"rendered":"https:\/\/vanterm.com\/?page_id=14640"},"modified":"2021-01-13T19:58:49","modified_gmt":"2021-01-13T19:58:49","slug":"gizlilik-bildirimi-2","status":"publish","type":"page","link":"https:\/\/vanterm.com\/tr\/gizlilik-bildirimi-2\/","title":{"rendered":"Gizlilik Bildirimi"},"content":{"rendered":"<section class=\"wpb-content-wrapper\"><p>[vc_row css=&#8221;.vc_custom_1610567752611{padding-top: 70px !important;padding-bottom: 30px !important;}&#8221;][vc_column][vc_column_text]<\/p>\n<p>E-posta ve di\u011fer bilgilerinizi, bildirimlerimizi size iletmek, 6698 say\u0131l\u0131 Ki\u015fisel Verilerin Korunmas\u0131 Kanunu&#8217;nun 5 ve 6\u2019\u0131nc\u0131 maddeleri kapsam\u0131nda i\u015flemek i\u00e7in istemekteyiz. Bu bilgiler gizli kalacak ve r\u0131zan\u0131za ba\u011fl\u0131 ilgili taraflara aktar\u0131lacakt\u0131r. Detayl\u0131 bilgi i\u00e7in <a href=\"\/tr\/kisisel-verileri-koruma\/\"><strong>M\u00fc\u015fteri Ayd\u0131nlatma Metnini<\/strong><\/a> t\u0131klay\u0131n\u0131z.\u00a0<\/p>\n<p>6698 Say\u0131l\u0131 Ki\u015fisel Verilerin Korunmas\u0131 Kanunu kapsam\u0131nda M\u00fc\u015fteri Ayd\u0131nlatma Metnini okudum, anlad\u0131m. Ki\u015fisel verilerimin i\u015flenmesine, payla\u015f\u0131lmas\u0131na, gerekti\u011finde ba\u015fvuru, d\u00fczeltme ve silme hakk\u0131m oldu\u011funu anlad\u0131\u011f\u0131m\u0131 beyan eder, ayd\u0131nlat\u0131lm\u0131\u015f a\u00e7\u0131k r\u0131zam ile onay veririm.<\/p>\n<p>[\/vc_column_text][\/vc_column][\/vc_row]<\/p>\n<\/section>","protected":false},"excerpt":{"rendered":"<p>[vc_row css=&#8221;.vc_custom_1610567752611{padding-top: 70px !important;padding-bottom: 30px !important;}&#8221;][vc_column][vc_column_text] E-posta ve di\u011fer bilgilerinizi, bildirimlerimizi size iletmek, 6698 say\u0131l\u0131 Ki\u015fisel Verilerin Korunmas\u0131 Kanunu&#8217;nun 5 ve 6\u2019\u0131nc\u0131 maddeleri kapsam\u0131nda i\u015flemek i\u00e7in istemekteyiz. Bu bilgiler gizli kalacak ve r\u0131zan\u0131za ba\u011fl\u0131 ilgili taraflara aktar\u0131lacakt\u0131r. Detayl\u0131 bilgi i\u00e7in M\u00fc\u015fteri Ayd\u0131nlatma Metnini t\u0131klay\u0131n\u0131z.\u00a0 6698 Say\u0131l\u0131 Ki\u015fisel Verilerin Korunmas\u0131 Kanunu kapsam\u0131nda M\u00fc\u015fteri Ayd\u0131nlatma Metnini okudum, [&hellip;]<\/p>\n","protected":false},"author":1,"featured_media":0,"parent":0,"menu_order":0,"comment_status":"closed","ping_status":"closed","template":"","meta":{"_acf_changed":false,"footnotes":""},"acf":[],"yoast_head":"<!-- This site is optimized with the Yoast SEO plugin v23.1 - https:\/\/yoast.com\/wordpress\/plugins\/seo\/ -->\n<title>Gizlilik Bildirimi | Vanterm<\/title>\n<meta name=\"description\" content=\"Ki\u015fisel verilerin korunmas\u0131, Vanterm Anonim \u015eirketi\u2019nin (\u201cVanterm\u201d) en \u00f6nemli \u00f6ncelikleri aras\u0131nda olup, bu hususta azami gayret g\u00f6stermektedir.\" \/>\n<meta name=\"robots\" content=\"noindex, nofollow\" \/>\n<meta name=\"twitter:label1\" content=\"Tahmini okuma s\u00fcresi\" \/>\n\t<meta name=\"twitter:data1\" content=\"1 dakika\" \/>\n<script type=\"application\/ld+json\" class=\"yoast-schema-graph\">{\"@context\":\"https:\/\/schema.org\",\"@graph\":[{\"@type\":\"WebPage\",\"@id\":\"https:\/\/vanterm.com\/tr\/gizlilik-bildirimi-2\/\",\"url\":\"https:\/\/vanterm.com\/tr\/gizlilik-bildirimi-2\/\",\"name\":\"Gizlilik Bildirimi | Vanterm\",\"isPartOf\":{\"@id\":\"https:\/\/vanterm.com\/tr\/#website\"},\"datePublished\":\"2021-01-13T19:58:49+00:00\",\"dateModified\":\"2021-01-13T19:58:49+00:00\",\"description\":\"Ki\u015fisel verilerin korunmas\u0131, Vanterm Anonim \u015eirketi\u2019nin (\u201cVanterm\u201d) en \u00f6nemli \u00f6ncelikleri aras\u0131nda olup, bu hususta azami gayret g\u00f6stermektedir.\",\"breadcrumb\":{\"@id\":\"https:\/\/vanterm.com\/tr\/gizlilik-bildirimi-2\/#breadcrumb\"},\"inLanguage\":\"tr\",\"potentialAction\":[{\"@type\":\"ReadAction\",\"target\":[\"https:\/\/vanterm.com\/tr\/gizlilik-bildirimi-2\/\"]}]},{\"@type\":\"BreadcrumbList\",\"@id\":\"https:\/\/vanterm.com\/tr\/gizlilik-bildirimi-2\/#breadcrumb\",\"itemListElement\":[{\"@type\":\"ListItem\",\"position\":1,\"name\":\"Home\",\"item\":\"https:\/\/vanterm.com\/tr\/\"},{\"@type\":\"ListItem\",\"position\":2,\"name\":\"Gizlilik Bildirimi\"}]},{\"@type\":\"WebSite\",\"@id\":\"https:\/\/vanterm.com\/tr\/#website\",\"url\":\"https:\/\/vanterm.com\/tr\/\",\"name\":\"Vanterm\",\"description\":\"Passion for excellence in clean air solutions\",\"publisher\":{\"@id\":\"https:\/\/vanterm.com\/tr\/#organization\"},\"potentialAction\":[{\"@type\":\"SearchAction\",\"target\":{\"@type\":\"EntryPoint\",\"urlTemplate\":\"https:\/\/vanterm.com\/tr\/?s={search_term_string}\"},\"query-input\":\"required name=search_term_string\"}],\"inLanguage\":\"tr\"},{\"@type\":\"Organization\",\"@id\":\"https:\/\/vanterm.com\/tr\/#organization\",\"name\":\"Vanterm\",\"url\":\"https:\/\/vanterm.com\/tr\/\",\"logo\":{\"@type\":\"ImageObject\",\"inLanguage\":\"tr\",\"@id\":\"https:\/\/vanterm.com\/tr\/#\/schema\/logo\/image\/\",\"url\":\"https:\/\/vanterm.com\/wp-content\/uploads\/2019\/11\/VANTERM_logo.png\",\"contentUrl\":\"https:\/\/vanterm.com\/wp-content\/uploads\/2019\/11\/VANTERM_logo.png\",\"width\":250,\"height\":70,\"caption\":\"Vanterm\"},\"image\":{\"@id\":\"https:\/\/vanterm.com\/tr\/#\/schema\/logo\/image\/\"}}]}<\/script>\n<!-- \/ Yoast SEO plugin. -->","yoast_head_json":{"title":"Gizlilik Bildirimi | Vanterm","description":"Ki\u015fisel verilerin korunmas\u0131, Vanterm Anonim \u015eirketi\u2019nin (\u201cVanterm\u201d) en \u00f6nemli \u00f6ncelikleri aras\u0131nda olup, bu hususta azami gayret g\u00f6stermektedir.","robots":{"index":"noindex","follow":"nofollow"},"twitter_misc":{"Tahmini okuma s\u00fcresi":"1 dakika"},"schema":{"@context":"https:\/\/schema.org","@graph":[{"@type":"WebPage","@id":"https:\/\/vanterm.com\/tr\/gizlilik-bildirimi-2\/","url":"https:\/\/vanterm.com\/tr\/gizlilik-bildirimi-2\/","name":"Gizlilik Bildirimi | Vanterm","isPartOf":{"@id":"https:\/\/vanterm.com\/tr\/#website"},"datePublished":"2021-01-13T19:58:49+00:00","dateModified":"2021-01-13T19:58:49+00:00","description":"Ki\u015fisel verilerin korunmas\u0131, Vanterm Anonim \u015eirketi\u2019nin (\u201cVanterm\u201d) en \u00f6nemli \u00f6ncelikleri aras\u0131nda olup, bu hususta azami gayret g\u00f6stermektedir.","breadcrumb":{"@id":"https:\/\/vanterm.com\/tr\/gizlilik-bildirimi-2\/#breadcrumb"},"inLanguage":"tr","potentialAction":[{"@type":"ReadAction","target":["https:\/\/vanterm.com\/tr\/gizlilik-bildirimi-2\/"]}]},{"@type":"BreadcrumbList","@id":"https:\/\/vanterm.com\/tr\/gizlilik-bildirimi-2\/#breadcrumb","itemListElement":[{"@type":"ListItem","position":1,"name":"Home","item":"https:\/\/vanterm.com\/tr\/"},{"@type":"ListItem","position":2,"name":"Gizlilik Bildirimi"}]},{"@type":"WebSite","@id":"https:\/\/vanterm.com\/tr\/#website","url":"https:\/\/vanterm.com\/tr\/","name":"Vanterm","description":"Passion for excellence in clean air solutions","publisher":{"@id":"https:\/\/vanterm.com\/tr\/#organization"},"potentialAction":[{"@type":"SearchAction","target":{"@type":"EntryPoint","urlTemplate":"https:\/\/vanterm.com\/tr\/?s={search_term_string}"},"query-input":"required name=search_term_string"}],"inLanguage":"tr"},{"@type":"Organization","@id":"https:\/\/vanterm.com\/tr\/#organization","name":"Vanterm","url":"https:\/\/vanterm.com\/tr\/","logo":{"@type":"ImageObject","inLanguage":"tr","@id":"https:\/\/vanterm.com\/tr\/#\/schema\/logo\/image\/","url":"https:\/\/vanterm.com\/wp-content\/uploads\/2019\/11\/VANTERM_logo.png","contentUrl":"https:\/\/vanterm.com\/wp-content\/uploads\/2019\/11\/VANTERM_logo.png","width":250,"height":70,"caption":"Vanterm"},"image":{"@id":"https:\/\/vanterm.com\/tr\/#\/schema\/logo\/image\/"}}]}},"_links":{"self":[{"href":"https:\/\/vanterm.com\/tr\/wp-json\/wp\/v2\/pages\/14640"}],"collection":[{"href":"https:\/\/vanterm.com\/tr\/wp-json\/wp\/v2\/pages"}],"about":[{"href":"https:\/\/vanterm.com\/tr\/wp-json\/wp\/v2\/types\/page"}],"author":[{"embeddable":true,"href":"https:\/\/vanterm.com\/tr\/wp-json\/wp\/v2\/users\/1"}],"replies":[{"embeddable":true,"href":"https:\/\/vanterm.com\/tr\/wp-json\/wp\/v2\/comments?post=14640"}],"version-history":[{"count":0,"href":"https:\/\/vanterm.com\/tr\/wp-json\/wp\/v2\/pages\/14640\/revisions"}],"wp:attachment":[{"href":"https:\/\/vanterm.com\/tr\/wp-json\/wp\/v2\/media?parent=14640"}],"curies":[{"name":"wp","href":"https:\/\/api.w.org\/{rel}","templated":true}]}}